{"id":1294,"date":"2023-09-13T11:32:14","date_gmt":"2023-09-13T09:32:14","guid":{"rendered":"https:\/\/residuos.info\/cookie-policy-eu-2\/"},"modified":"2024-06-10T16:53:12","modified_gmt":"2024-06-10T14:53:12","slug":"cookie-policy-eu-2","status":"publish","type":"page","link":"https:\/\/www.residuos.info\/en\/cookie-policy-eu-2\/","title":{"rendered":"Cookie Policy (EU)"},"content":{"rendered":"<p>[et_pb_section fb_built=&#8221;1&#8243; _builder_version=&#8221;4.24.2&#8243; _module_preset=&#8221;default&#8221; global_colors_info=&#8221;{}&#8221;][et_pb_row _builder_version=&#8221;4.24.2&#8243; _module_preset=&#8221;default&#8221; global_colors_info=&#8221;{}&#8221;][et_pb_column type=&#8221;4_4&#8243; _builder_version=&#8221;4.24.2&#8243; _module_preset=&#8221;default&#8221; global_colors_info=&#8221;{}&#8221;][et_pb_text _builder_version=&#8221;4.24.2&#8243; _module_preset=&#8221;default&#8221; global_colors_info=&#8221;{}&#8221;]<\/p>\n<h2>1. Introduction<\/h2>\n<p>Our website, <a href=\"https:\/\/www.residuos.info\/en\/\">https:\/\/www.residuos.info<\/a> (hereinafter: \u201cthe website\u201d) uses cookies and other related technologies (for convenience, all technologies are called \u201ccookies\u201d). Cookies are also placed by third parties with whom we have contracted. Cookies are also placed by third parties with whom we have contracted. In the following document we inform you about the use of cookies on our website.<\/p>\n<h2>2. What are cookies?<\/h2>\n<p>A cookie is a small, simple file that is sent along with the pages of this website and is stored by your browser on the hard drive of your computer or other device. Information stored there may be returned to our servers or the relevant third-party servers during a subsequent visit.<\/p>\n<h2>3. What are scripts?<\/h2>\n<p>A script is a piece of program code that is used to make our website function properly and interactively. This code runs on our server or on your device.<\/p>\n<h2>4. What is a web beacon?<\/h2>\n<p>A web beacon (or pixel tag) is a small, invisible piece of text or image on a website that is used to monitor traffic on a website. For this purpose, various data about you is stored using web beacons.<\/p>\n<h2>5. Cookies<\/h2>\n<h4>5.1 Technical or functional cookies<\/h4>\n<p>Some cookies ensure that certain parts of the website function correctly and that your user preferences are known. By placing functional cookies, we make it easier for you to visit our website. This way, you will not need to repeatedly enter the same information when you visit our website and, for example, items will remain in your shopping cart until you have paid. We may place these cookies without your consent.<\/p>\n<h4>5.2 Marketing\/tracking cookies<\/h4>\n<p>Marketing\/tracking cookies are cookies or any other form of local storage that are used to create user profiles to display advertising or track the user on this website or on various websites for similar marketing purposes.<\/p>\n<h4>5.3 Social networks<\/h4>\n<p>On our website, we have included content from Facebook, Twitter and LinkedIn to promote web pages (e.g. &#8220;like&#8221;, &#8220;pin&#8221;) or share (e.g. &#8220;tweet&#8221;) on social networks such as Facebook, Twitter and LinkedIn . This content is embedded with code derived from Facebook, Twitter and LinkedIn and places cookies. This content may store and process certain information for personalized advertising.<\/p>\n<p>Please read the privacy statement of these social networks (which may change from time to time) to find out what they do with your (personal) data that they process using these cookies. The data that is recovered is anonymized as much as possible. Facebook, Twitter and LinkedIn are located in the United States.<\/p>\n<h2>6. Consent<\/h2>\n<p>When you visit our website for the first time, we will show you a pop-up window explaining cookies. As soon as you click \u201cSave Preferences\u201d, you consent to us using the categories of cookies and plugins you selected in the pop-up window, as described in this Cookie Policy. You can disable the use of cookies through your browser, but please note that our website may no longer function properly.<\/p>\n<h2>7. Activation\/deactivation and deletion of cookies<\/h2>\n<p>You can use your Internet browser to delete cookies automatically or manually. You can also specify that certain cookies are not placed. Another option is to change your Internet browser settings to receive a message each time a cookie is placed. For more information about these options, see the instructions in the Help section of your browser.<\/p>\n<p>Please note that our website may not function properly if all cookies are disabled. If you delete cookies in your browser, they will be placed again after your consent when you visit our website again.<\/p>\n<h2>8. Your rights regarding personal data<\/h2>\n<p>You have the following rights regarding your personal data:<\/p>\n<p>You have the right to know why your personal data is needed, what will happen to it and how long it will be kept.<br \/>Right of access: You have the right to access your personal data that we know.<br \/>Right to rectification: you have the right to complement, rectify, delete or block your personal data whenever you wish.<br \/>If you give us consent to process your data, you have the right to revoke that consent and have your personal data deleted.<br \/>Right to transfer your data: you have the right to request all your personal data from the controller and transfer it in its entirety to another controller.<br \/>Right to object: you may object to the processing of your data. We comply with it, unless there are justified reasons for the treatment.<br \/>To exercise these rights, please contact us. Please see the contact details at the end of this Cookies Policy. If you have a complaint about how we handle your data, we would like to hear from you, but you also have the right to lodge a complaint with the supervisory authority (the Data Protection Authority).<\/p>\n<h2>9. Contact information<\/h2>\n<p>If you have questions and\/or comments about our Cookies Policy and this statement, please contact us using the following contact details:<\/p>\n<p>A.3 RECYCLING, WASTE MANAGEMENT AND METALS<br \/>Pol. Ind. Coll de la Manya, Cal Ros dels Ocells, 15-17, 08403 Granollers, Barcelona, \u200b\u200bSpain<br \/>Spain<br \/>Website: <a href=\"https:\/\/www.residuos.info\/es\/\">https:\/\/www.residuos.info\/en\/<\/a><br \/>Email: <a href=\"mailto:info@residuos.info\">info@residuos.info<\/a><br \/>Phone number: 902 36 71 03<\/p>\n<p>This Cookie Policy was synchronized with<span> <\/span><a href=\"https:\/\/cookiedatabase.org\/\" target=\"_blank\" role=\"link\" rel=\"noopener\">cookiedatabase.org<\/a><span> <\/span>on May 29, 2023.<\/p>\n<p>[\/et_pb_text][\/et_pb_column][\/et_pb_row][\/et_pb_section]<\/p>\n","protected":false},"excerpt":{"rendered":"<p>1. Introduction Our website, https:\/\/www.residuos.info (hereinafter: \u201cthe website\u201d) uses cookies and other related technologies (for convenience, all technologies are called \u201ccookies\u201d). Cookies are also placed by third parties with whom we have contracted. Cookies are also placed by third parties with whom we have contracted. In the following document we inform you about the use [&hellip;]<\/p>\n","protected":false},"author":7,"featured_media":0,"parent":0,"menu_order":0,"comment_status":"closed","ping_status":"closed","template":"","meta":{"_et_pb_use_builder":"on","_et_pb_old_content":"","_et_gb_content_width":"","inline_featured_image":false,"footnotes":""},"class_list":["post-1294","page","type-page","status-publish","hentry"],"yoast_head":"<!-- This site is optimized with the Yoast SEO plugin v27.3 - https:\/\/yoast.com\/product\/yoast-seo-wordpress\/ -->\n<title>Cookie Policy (EU) - A.3 RECICLAJE, GESTI\u00d3N DE RESIDUOS Y METALES<\/title>\n<meta name=\"robots\" content=\"index, follow, max-snippet:-1, max-image-preview:large, max-video-preview:-1\" \/>\n<link rel=\"canonical\" href=\"https:\/\/www.residuos.info\/en\/cookie-policy-eu-2\/\" \/>\n<meta property=\"og:locale\" content=\"en_US\" \/>\n<meta property=\"og:type\" content=\"article\" \/>\n<meta property=\"og:title\" content=\"Cookie Policy (EU) - A.3 RECICLAJE, GESTI\u00d3N DE RESIDUOS Y METALES\" \/>\n<meta property=\"og:description\" content=\"1. Introduction Our website, https:\/\/www.residuos.info (hereinafter: \u201cthe website\u201d) uses cookies and other related technologies (for convenience, all technologies are called \u201ccookies\u201d). Cookies are also placed by third parties with whom we have contracted. Cookies are also placed by third parties with whom we have contracted. In the following document we inform you about the use [&hellip;]\" \/>\n<meta property=\"og:url\" content=\"https:\/\/www.residuos.info\/en\/cookie-policy-eu-2\/\" \/>\n<meta property=\"og:site_name\" content=\"A.3 RECICLAJE, GESTI\u00d3N DE RESIDUOS Y METALES\" \/>\n<meta property=\"article:modified_time\" content=\"2024-06-10T14:53:12+00:00\" \/>\n<meta name=\"twitter:card\" content=\"summary_large_image\" \/>\n<meta name=\"twitter:label1\" content=\"Est. reading time\" \/>\n\t<meta name=\"twitter:data1\" content=\"5 minutes\" \/>\n<script type=\"application\/ld+json\" class=\"yoast-schema-graph\">{\"@context\":\"https:\\\/\\\/schema.org\",\"@graph\":[{\"@type\":\"WebPage\",\"@id\":\"https:\\\/\\\/www.residuos.info\\\/en\\\/cookie-policy-eu-2\\\/\",\"url\":\"https:\\\/\\\/www.residuos.info\\\/en\\\/cookie-policy-eu-2\\\/\",\"name\":\"Cookie Policy (EU) - A.3 RECICLAJE, GESTI\u00d3N DE RESIDUOS Y METALES\",\"isPartOf\":{\"@id\":\"https:\\\/\\\/www.residuos.info\\\/en\\\/#website\"},\"datePublished\":\"2023-09-13T09:32:14+00:00\",\"dateModified\":\"2024-06-10T14:53:12+00:00\",\"breadcrumb\":{\"@id\":\"https:\\\/\\\/www.residuos.info\\\/en\\\/cookie-policy-eu-2\\\/#breadcrumb\"},\"inLanguage\":\"en-US\",\"potentialAction\":[{\"@type\":\"ReadAction\",\"target\":[\"https:\\\/\\\/www.residuos.info\\\/en\\\/cookie-policy-eu-2\\\/\"]}]},{\"@type\":\"BreadcrumbList\",\"@id\":\"https:\\\/\\\/www.residuos.info\\\/en\\\/cookie-policy-eu-2\\\/#breadcrumb\",\"itemListElement\":[{\"@type\":\"ListItem\",\"position\":1,\"name\":\"Portada\",\"item\":\"https:\\\/\\\/www.residuos.info\\\/en\\\/home\\\/\"},{\"@type\":\"ListItem\",\"position\":2,\"name\":\"Cookie Policy (EU)\"}]},{\"@type\":\"WebSite\",\"@id\":\"https:\\\/\\\/www.residuos.info\\\/en\\\/#website\",\"url\":\"https:\\\/\\\/www.residuos.info\\\/en\\\/\",\"name\":\"A.3 RECICLAJE, GESTI\u00d3N DE RESIDUOS Y METALES\",\"description\":\"Expertos en reciclaje, valorizaci\u00f3n y gesti\u00f3n de residuos y compra de metales. Soluciones para el ASESORAMIENTO, TRANSPORTE y GESTI\u00d3N de residuos.\",\"potentialAction\":[{\"@type\":\"SearchAction\",\"target\":{\"@type\":\"EntryPoint\",\"urlTemplate\":\"https:\\\/\\\/www.residuos.info\\\/en\\\/?s={search_term_string}\"},\"query-input\":{\"@type\":\"PropertyValueSpecification\",\"valueRequired\":true,\"valueName\":\"search_term_string\"}}],\"inLanguage\":\"en-US\"}]}<\/script>\n<!-- \/ Yoast SEO plugin. -->","yoast_head_json":{"title":"Cookie Policy (EU) - A.3 RECICLAJE, GESTI\u00d3N DE RESIDUOS Y METALES","robots":{"index":"index","follow":"follow","max-snippet":"max-snippet:-1","max-image-preview":"max-image-preview:large","max-video-preview":"max-video-preview:-1"},"canonical":"https:\/\/www.residuos.info\/en\/cookie-policy-eu-2\/","og_locale":"en_US","og_type":"article","og_title":"Cookie Policy (EU) - A.3 RECICLAJE, GESTI\u00d3N DE RESIDUOS Y METALES","og_description":"1. Introduction Our website, https:\/\/www.residuos.info (hereinafter: \u201cthe website\u201d) uses cookies and other related technologies (for convenience, all technologies are called \u201ccookies\u201d). Cookies are also placed by third parties with whom we have contracted. Cookies are also placed by third parties with whom we have contracted. In the following document we inform you about the use [&hellip;]","og_url":"https:\/\/www.residuos.info\/en\/cookie-policy-eu-2\/","og_site_name":"A.3 RECICLAJE, GESTI\u00d3N DE RESIDUOS Y METALES","article_modified_time":"2024-06-10T14:53:12+00:00","twitter_card":"summary_large_image","twitter_misc":{"Est. reading time":"5 minutes"},"schema":{"@context":"https:\/\/schema.org","@graph":[{"@type":"WebPage","@id":"https:\/\/www.residuos.info\/en\/cookie-policy-eu-2\/","url":"https:\/\/www.residuos.info\/en\/cookie-policy-eu-2\/","name":"Cookie Policy (EU) - A.3 RECICLAJE, GESTI\u00d3N DE RESIDUOS Y METALES","isPartOf":{"@id":"https:\/\/www.residuos.info\/en\/#website"},"datePublished":"2023-09-13T09:32:14+00:00","dateModified":"2024-06-10T14:53:12+00:00","breadcrumb":{"@id":"https:\/\/www.residuos.info\/en\/cookie-policy-eu-2\/#breadcrumb"},"inLanguage":"en-US","potentialAction":[{"@type":"ReadAction","target":["https:\/\/www.residuos.info\/en\/cookie-policy-eu-2\/"]}]},{"@type":"BreadcrumbList","@id":"https:\/\/www.residuos.info\/en\/cookie-policy-eu-2\/#breadcrumb","itemListElement":[{"@type":"ListItem","position":1,"name":"Portada","item":"https:\/\/www.residuos.info\/en\/home\/"},{"@type":"ListItem","position":2,"name":"Cookie Policy (EU)"}]},{"@type":"WebSite","@id":"https:\/\/www.residuos.info\/en\/#website","url":"https:\/\/www.residuos.info\/en\/","name":"A.3 RECICLAJE, GESTI\u00d3N DE RESIDUOS Y METALES","description":"Expertos en reciclaje, valorizaci\u00f3n y gesti\u00f3n de residuos y compra de metales. Soluciones para el ASESORAMIENTO, TRANSPORTE y GESTI\u00d3N de residuos.","potentialAction":[{"@type":"SearchAction","target":{"@type":"EntryPoint","urlTemplate":"https:\/\/www.residuos.info\/en\/?s={search_term_string}"},"query-input":{"@type":"PropertyValueSpecification","valueRequired":true,"valueName":"search_term_string"}}],"inLanguage":"en-US"}]}},"_links":{"self":[{"href":"https:\/\/www.residuos.info\/en\/wp-json\/wp\/v2\/pages\/1294","targetHints":{"allow":["GET"]}}],"collection":[{"href":"https:\/\/www.residuos.info\/en\/wp-json\/wp\/v2\/pages"}],"about":[{"href":"https:\/\/www.residuos.info\/en\/wp-json\/wp\/v2\/types\/page"}],"author":[{"embeddable":true,"href":"https:\/\/www.residuos.info\/en\/wp-json\/wp\/v2\/users\/7"}],"replies":[{"embeddable":true,"href":"https:\/\/www.residuos.info\/en\/wp-json\/wp\/v2\/comments?post=1294"}],"version-history":[{"count":7,"href":"https:\/\/www.residuos.info\/en\/wp-json\/wp\/v2\/pages\/1294\/revisions"}],"predecessor-version":[{"id":1495,"href":"https:\/\/www.residuos.info\/en\/wp-json\/wp\/v2\/pages\/1294\/revisions\/1495"}],"wp:attachment":[{"href":"https:\/\/www.residuos.info\/en\/wp-json\/wp\/v2\/media?parent=1294"}],"curies":[{"name":"wp","href":"https:\/\/api.w.org\/{rel}","templated":true}]}}