{"id":1109,"date":"2023-05-22T15:40:26","date_gmt":"2023-05-22T13:40:26","guid":{"rendered":"https:\/\/residuos.info\/construction-waste\/"},"modified":"2025-06-03T11:19:51","modified_gmt":"2025-06-03T09:19:51","slug":"construction-waste","status":"publish","type":"page","link":"https:\/\/www.residuos.info\/en\/construction-waste\/","title":{"rendered":"construction waste"},"content":{"rendered":"<p>[et_pb_section fb_built=&#8221;1&#8243; fullwidth=&#8221;on&#8221; admin_label=&#8221;Interior Hero 1&#8243; module_class=&#8221;sfly_interior sfly_interior_hero_1&#8243; _builder_version=&#8221;4.16&#8243; background_color=&#8221;#000000&#8243; saved_tabs=&#8221;all&#8221; locked=&#8221;off&#8221; global_colors_info=&#8221;{}&#8221;][et_pb_fullwidth_header title=&#8221;CONSTRUCTION WASTE&#8221; text_orientation=&#8221;center&#8221; background_overlay_color=&#8221;rgba(0,0,0,0.5)&#8221; module_class=&#8221;sfly_fullwidth_header&#8221; _builder_version=&#8221;4.27.4&#8243; title_font=&#8221;|700|||||||&#8221; title_font_size=&#8221;48px&#8221; content_font=&#8221;||||||||&#8221; content_font_size=&#8221;18px&#8221; subhead_font=&#8221;||||||||&#8221; background_image=&#8221;https:\/\/www.residuos.info\/wp-content\/uploads\/2023\/05\/basura-sitio-obras-scaled.jpg&#8221; custom_button_one=&#8221;on&#8221; button_one_text_color=&#8221;#000000&#8243; button_one_bg_color=&#8221;#ffffff&#8221; button_one_border_color=&#8221;#ffffff&#8221; button_one_font=&#8221;|700|||||||&#8221; button_one_use_icon=&#8221;off&#8221; custom_button_two=&#8221;on&#8221; button_two_font=&#8221;|700|||||||&#8221; button_two_use_icon=&#8221;off&#8221; custom_padding=&#8221;60px||50px||false&#8221; animation_style=&#8221;fade&#8221; animation_duration=&#8221;1500ms&#8221; title_font_size_tablet=&#8221;36px&#8221; title_font_size_phone=&#8221;24px&#8221; title_font_size_last_edited=&#8221;on|phone&#8221; button_one_text_color_hover=&#8221;#ffffff&#8221; button_two_text_color_hover=&#8221;#ffffff&#8221; button_one_border_color_hover=&#8221;#ffffff&#8221; button_two_border_color_hover=&#8221;#ffffff&#8221; button_one_bg_color_hover=&#8221;rgba(255,255,255,0)&#8221; button_two_bg_color_hover=&#8221;rgba(0,0,0,0)&#8221; global_colors_info=&#8221;{}&#8221; button_one_text_size__hover_enabled=&#8221;off&#8221; button_two_text_size__hover_enabled=&#8221;off&#8221; button_one_text_color__hover_enabled=&#8221;on&#8221; button_one_text_color__hover=&#8221;#ffffff&#8221; button_two_text_color__hover_enabled=&#8221;on&#8221; button_two_text_color__hover=&#8221;#ffffff&#8221; button_one_border_width__hover_enabled=&#8221;off&#8221; button_two_border_width__hover_enabled=&#8221;off&#8221; button_one_border_color__hover_enabled=&#8221;on&#8221; button_one_border_color__hover=&#8221;#ffffff&#8221; button_two_border_color__hover_enabled=&#8221;on&#8221; button_two_border_color__hover=&#8221;#ffffff&#8221; button_one_border_radius__hover_enabled=&#8221;off&#8221; button_two_border_radius__hover_enabled=&#8221;off&#8221; button_one_letter_spacing__hover_enabled=&#8221;off&#8221; button_two_letter_spacing__hover_enabled=&#8221;off&#8221; button_one_bg_color__hover_enabled=&#8221;on&#8221; button_one_bg_color__hover=&#8221;rgba(255,255,255,0)&#8221; button_two_bg_color__hover_enabled=&#8221;on&#8221; button_two_bg_color__hover=&#8221;rgba(0,0,0,0)&#8221;]<\/p>\n<h6>Recovery of construction waste<\/h6>\n<p>[\/et_pb_fullwidth_header][\/et_pb_section][et_pb_section fb_built=&#8221;1&#8243; _builder_version=&#8221;4.27.4&#8243; _module_preset=&#8221;default&#8221; custom_margin=&#8221;0px||||false|false&#8221; global_colors_info=&#8221;{}&#8221;][et_pb_row column_structure=&#8221;1_2,1_2&#8243; _builder_version=&#8221;4.20.4&#8243; _module_preset=&#8221;default&#8221; global_colors_info=&#8221;{}&#8221;][et_pb_column type=&#8221;1_2&#8243; _builder_version=&#8221;4.20.4&#8243; _module_preset=&#8221;default&#8221; global_colors_info=&#8221;{}&#8221;][et_pb_text _builder_version=&#8221;4.27.4&#8243; _module_preset=&#8221;default&#8221; text_font=&#8221;||||||||&#8221; text_font_size=&#8221;16px&#8221; global_colors_info=&#8221;{}&#8221;]<\/p>\n<h2 style=\"text-align: left;\"><strong>Recovery and management of construction waste<\/strong><\/h2>\n<p style=\"text-align: justify;\">At A3 we specialize in the comprehensive management of waste generated by the construction and demolition activity of buildings, industrial warehouses and other works. Our approach is focused on the collection and recovery of work remains, providing efficient and sustainable solutions for their treatment.<\/p>\n<p style=\"text-align: justify;\">We have a trained team and <strong>trucks<\/strong> <strong>authorized<\/strong> to carry out the collection of construction and demolition waste at the place of origin. Our fleet of trucks is specifically designed for this purpose, allowing us to collect and transport materials safely and efficiently.<\/p>\n<p>[\/et_pb_text][\/et_pb_column][et_pb_column type=&#8221;1_2&#8243; _builder_version=&#8221;4.20.4&#8243; _module_preset=&#8221;default&#8221; global_colors_info=&#8221;{}&#8221;][et_pb_image src=&#8221;https:\/\/www.residuos.info\/wp-content\/uploads\/2023\/05\/chatarra-grua-scaled.jpg&#8221; alt=&#8221;Crane grab scrap&#8221; title_text=&#8221;Crane grab scrap&#8221; _builder_version=&#8221;4.21.0&#8243; _module_preset=&#8221;default&#8221; global_colors_info=&#8221;{}&#8221;][\/et_pb_image][\/et_pb_column][\/et_pb_row][\/et_pb_section][et_pb_section fb_built=&#8221;1&#8243; admin_label=&#8221;Services&#8221; _builder_version=&#8221;4.20.4&#8243; background_color=&#8221;#eaeaf1&#8243; custom_padding=&#8221;73px||73px|||&#8221; global_colors_info=&#8221;{}&#8221;][et_pb_row _builder_version=&#8221;4.20.4&#8243; _module_preset=&#8221;default&#8221; global_colors_info=&#8221;{}&#8221;][et_pb_column type=&#8221;4_4&#8243; _builder_version=&#8221;4.20.4&#8243; _module_preset=&#8221;default&#8221; global_colors_info=&#8221;{}&#8221;][et_pb_text _builder_version=&#8221;4.20.4&#8243; _module_preset=&#8221;default&#8221; text_font_size=&#8221;16px&#8221; global_colors_info=&#8221;{}&#8221;]<\/p>\n<p style=\"text-align: justify;\"><span>The proper management of waste <strong>construction<\/strong> and <strong>demolition<\/strong> It is of vital importance, since its incorrect disposal can have a negative impact on the environment and public health. At A3, we are committed to complying with all current rules and regulations, ensuring that waste is treated in a responsible and sustainable manner.<\/span><\/p>\n<p>[\/et_pb_text][\/et_pb_column][\/et_pb_row][et_pb_row column_structure=&#8221;1_2,1_2&#8243; _builder_version=&#8221;4.20.4&#8243; _module_preset=&#8221;default&#8221; custom_padding=&#8221;||0px|||&#8221; global_colors_info=&#8221;{}&#8221; custom_margin=&#8221;|auto|49px|auto||&#8221;][et_pb_column type=&#8221;1_2&#8243; _builder_version=&#8221;4.20.4&#8243; _module_preset=&#8221;default&#8221; global_colors_info=&#8221;{}&#8221;][et_pb_image src=&#8221;https:\/\/www.residuos.info\/wp-content\/uploads\/2023\/06\/image001.png&#8221; alt=&#8221;old rusty junk and garbage of steel&#8221; title_text=&#8221;image001&#8243; _builder_version=&#8221;4.21.0&#8243; _module_preset=&#8221;default&#8221; global_colors_info=&#8221;{}&#8221;][\/et_pb_image][\/et_pb_column][et_pb_column type=&#8221;1_2&#8243; _builder_version=&#8221;4.20.4&#8243; _module_preset=&#8221;default&#8221; global_colors_info=&#8221;{}&#8221;][et_pb_text _builder_version=&#8221;4.20.4&#8243; _module_preset=&#8221;default&#8221; text_font_size=&#8221;16px&#8221; global_colors_info=&#8221;{}&#8221;]<\/p>\n<p style=\"text-align: justify;\">In addition to common construction and demolition waste, we also take care of the management of <strong>other types of waste<\/strong> related, such as rubble, wood, metal, plastic and other materials present in the works. Our objective is to minimize the environmental impact of construction activity, promoting the circular economy and sustainability in the sector.<\/p>\n<p>[\/et_pb_text][\/et_pb_column][\/et_pb_row][et_pb_row _builder_version=&#8221;4.20.4&#8243; _module_preset=&#8221;default&#8221; custom_padding=&#8221;12px|||||&#8221; global_colors_info=&#8221;{}&#8221;][et_pb_column type=&#8221;4_4&#8243; _builder_version=&#8221;4.20.4&#8243; _module_preset=&#8221;default&#8221; global_colors_info=&#8221;{}&#8221;][et_pb_text _builder_version=&#8221;4.20.4&#8243; _module_preset=&#8221;default&#8221; text_font_size=&#8221;16px&#8221; global_colors_info=&#8221;{}&#8221;]<\/p>\n<p style=\"text-align: justify;\">At A3 we understand the importance of a <strong>management<\/strong> <strong>efficient<\/strong> and responsible for construction and demolition waste. We are committed to providing a quality service, using innovative techniques and technologies to maximize the recovery of materials and minimize the amount of waste sent to landfills.<\/p>\n<p>[\/et_pb_text][\/et_pb_column][\/et_pb_row][\/et_pb_section]<\/p>\n","protected":false},"excerpt":{"rendered":"<p>Recovery of construction wasteRecovery and management of construction waste At A3 we specialize in the comprehensive management of waste generated by the construction and demolition activity of buildings, industrial warehouses and other works. Our approach is focused on the collection and recovery of work remains, providing efficient and sustainable solutions for their treatment. We have [&hellip;]<\/p>\n","protected":false},"author":7,"featured_media":0,"parent":0,"menu_order":0,"comment_status":"closed","ping_status":"closed","template":"","meta":{"_et_pb_use_builder":"on","_et_pb_old_content":"","_et_gb_content_width":"","inline_featured_image":false,"footnotes":""},"class_list":["post-1109","page","type-page","status-publish","hentry"],"yoast_head":"<!-- This site is optimized with the Yoast SEO plugin v27.3 - https:\/\/yoast.com\/product\/yoast-seo-wordpress\/ -->\n<title>construction waste - A.3 RECICLAJE, GESTI\u00d3N DE RESIDUOS Y METALES<\/title>\n<meta name=\"description\" content=\"At A3 we offer you a recovery of construction waste, complying with our high environmental quality standards.\" \/>\n<meta name=\"robots\" content=\"index, follow, max-snippet:-1, max-image-preview:large, max-video-preview:-1\" \/>\n<link rel=\"canonical\" href=\"https:\/\/www.residuos.info\/en\/construction-waste\/\" \/>\n<meta property=\"og:locale\" content=\"en_US\" \/>\n<meta property=\"og:type\" content=\"article\" \/>\n<meta property=\"og:title\" content=\"construction waste - A.3 RECICLAJE, GESTI\u00d3N DE RESIDUOS Y METALES\" \/>\n<meta property=\"og:description\" content=\"At A3 we offer you a recovery of construction waste, complying with our high environmental quality standards.\" \/>\n<meta property=\"og:url\" content=\"https:\/\/www.residuos.info\/en\/construction-waste\/\" \/>\n<meta property=\"og:site_name\" content=\"A.3 RECICLAJE, GESTI\u00d3N DE RESIDUOS Y METALES\" \/>\n<meta property=\"article:modified_time\" content=\"2025-06-03T09:19:51+00:00\" \/>\n<meta name=\"twitter:card\" content=\"summary_large_image\" \/>\n<meta name=\"twitter:label1\" content=\"Est. reading time\" \/>\n\t<meta name=\"twitter:data1\" content=\"4 minutes\" \/>\n<script type=\"application\/ld+json\" class=\"yoast-schema-graph\">{\"@context\":\"https:\\\/\\\/schema.org\",\"@graph\":[{\"@type\":\"WebPage\",\"@id\":\"https:\\\/\\\/www.residuos.info\\\/en\\\/construction-waste\\\/\",\"url\":\"https:\\\/\\\/www.residuos.info\\\/en\\\/construction-waste\\\/\",\"name\":\"construction waste - A.3 RECICLAJE, GESTI\u00d3N DE RESIDUOS Y METALES\",\"isPartOf\":{\"@id\":\"https:\\\/\\\/www.residuos.info\\\/en\\\/#website\"},\"datePublished\":\"2023-05-22T13:40:26+00:00\",\"dateModified\":\"2025-06-03T09:19:51+00:00\",\"description\":\"At A3 we offer you a recovery of construction waste, complying with our high environmental quality standards.\",\"breadcrumb\":{\"@id\":\"https:\\\/\\\/www.residuos.info\\\/en\\\/construction-waste\\\/#breadcrumb\"},\"inLanguage\":\"en-US\",\"potentialAction\":[{\"@type\":\"ReadAction\",\"target\":[\"https:\\\/\\\/www.residuos.info\\\/en\\\/construction-waste\\\/\"]}]},{\"@type\":\"BreadcrumbList\",\"@id\":\"https:\\\/\\\/www.residuos.info\\\/en\\\/construction-waste\\\/#breadcrumb\",\"itemListElement\":[{\"@type\":\"ListItem\",\"position\":1,\"name\":\"Portada\",\"item\":\"https:\\\/\\\/www.residuos.info\\\/en\\\/home\\\/\"},{\"@type\":\"ListItem\",\"position\":2,\"name\":\"construction waste\"}]},{\"@type\":\"WebSite\",\"@id\":\"https:\\\/\\\/www.residuos.info\\\/en\\\/#website\",\"url\":\"https:\\\/\\\/www.residuos.info\\\/en\\\/\",\"name\":\"A.3 RECICLAJE, GESTI\u00d3N DE RESIDUOS Y METALES\",\"description\":\"Expertos en reciclaje, valorizaci\u00f3n y gesti\u00f3n de residuos y compra de metales. Soluciones para el ASESORAMIENTO, TRANSPORTE y GESTI\u00d3N de residuos.\",\"potentialAction\":[{\"@type\":\"SearchAction\",\"target\":{\"@type\":\"EntryPoint\",\"urlTemplate\":\"https:\\\/\\\/www.residuos.info\\\/en\\\/?s={search_term_string}\"},\"query-input\":{\"@type\":\"PropertyValueSpecification\",\"valueRequired\":true,\"valueName\":\"search_term_string\"}}],\"inLanguage\":\"en-US\"}]}<\/script>\n<!-- \/ Yoast SEO plugin. -->","yoast_head_json":{"title":"construction waste - A.3 RECICLAJE, GESTI\u00d3N DE RESIDUOS Y METALES","description":"At A3 we offer you a recovery of construction waste, complying with our high environmental quality standards.","robots":{"index":"index","follow":"follow","max-snippet":"max-snippet:-1","max-image-preview":"max-image-preview:large","max-video-preview":"max-video-preview:-1"},"canonical":"https:\/\/www.residuos.info\/en\/construction-waste\/","og_locale":"en_US","og_type":"article","og_title":"construction waste - A.3 RECICLAJE, GESTI\u00d3N DE RESIDUOS Y METALES","og_description":"At A3 we offer you a recovery of construction waste, complying with our high environmental quality standards.","og_url":"https:\/\/www.residuos.info\/en\/construction-waste\/","og_site_name":"A.3 RECICLAJE, GESTI\u00d3N DE RESIDUOS Y METALES","article_modified_time":"2025-06-03T09:19:51+00:00","twitter_card":"summary_large_image","twitter_misc":{"Est. reading time":"4 minutes"},"schema":{"@context":"https:\/\/schema.org","@graph":[{"@type":"WebPage","@id":"https:\/\/www.residuos.info\/en\/construction-waste\/","url":"https:\/\/www.residuos.info\/en\/construction-waste\/","name":"construction waste - A.3 RECICLAJE, GESTI\u00d3N DE RESIDUOS Y METALES","isPartOf":{"@id":"https:\/\/www.residuos.info\/en\/#website"},"datePublished":"2023-05-22T13:40:26+00:00","dateModified":"2025-06-03T09:19:51+00:00","description":"At A3 we offer you a recovery of construction waste, complying with our high environmental quality standards.","breadcrumb":{"@id":"https:\/\/www.residuos.info\/en\/construction-waste\/#breadcrumb"},"inLanguage":"en-US","potentialAction":[{"@type":"ReadAction","target":["https:\/\/www.residuos.info\/en\/construction-waste\/"]}]},{"@type":"BreadcrumbList","@id":"https:\/\/www.residuos.info\/en\/construction-waste\/#breadcrumb","itemListElement":[{"@type":"ListItem","position":1,"name":"Portada","item":"https:\/\/www.residuos.info\/en\/home\/"},{"@type":"ListItem","position":2,"name":"construction waste"}]},{"@type":"WebSite","@id":"https:\/\/www.residuos.info\/en\/#website","url":"https:\/\/www.residuos.info\/en\/","name":"A.3 RECICLAJE, GESTI\u00d3N DE RESIDUOS Y METALES","description":"Expertos en reciclaje, valorizaci\u00f3n y gesti\u00f3n de residuos y compra de metales. Soluciones para el ASESORAMIENTO, TRANSPORTE y GESTI\u00d3N de residuos.","potentialAction":[{"@type":"SearchAction","target":{"@type":"EntryPoint","urlTemplate":"https:\/\/www.residuos.info\/en\/?s={search_term_string}"},"query-input":{"@type":"PropertyValueSpecification","valueRequired":true,"valueName":"search_term_string"}}],"inLanguage":"en-US"}]}},"_links":{"self":[{"href":"https:\/\/www.residuos.info\/en\/wp-json\/wp\/v2\/pages\/1109","targetHints":{"allow":["GET"]}}],"collection":[{"href":"https:\/\/www.residuos.info\/en\/wp-json\/wp\/v2\/pages"}],"about":[{"href":"https:\/\/www.residuos.info\/en\/wp-json\/wp\/v2\/types\/page"}],"author":[{"embeddable":true,"href":"https:\/\/www.residuos.info\/en\/wp-json\/wp\/v2\/users\/7"}],"replies":[{"embeddable":true,"href":"https:\/\/www.residuos.info\/en\/wp-json\/wp\/v2\/comments?post=1109"}],"version-history":[{"count":10,"href":"https:\/\/www.residuos.info\/en\/wp-json\/wp\/v2\/pages\/1109\/revisions"}],"predecessor-version":[{"id":100886,"href":"https:\/\/www.residuos.info\/en\/wp-json\/wp\/v2\/pages\/1109\/revisions\/100886"}],"wp:attachment":[{"href":"https:\/\/www.residuos.info\/en\/wp-json\/wp\/v2\/media?parent=1109"}],"curies":[{"name":"wp","href":"https:\/\/api.w.org\/{rel}","templated":true}]}}