{"id":1106,"date":"2023-05-22T15:39:33","date_gmt":"2023-05-22T13:39:33","guid":{"rendered":"https:\/\/residuos.info\/industrial-waste\/"},"modified":"2025-06-03T11:17:17","modified_gmt":"2025-06-03T09:17:17","slug":"industrial-waste","status":"publish","type":"page","link":"https:\/\/www.residuos.info\/en\/industrial-waste\/","title":{"rendered":"Industrial waste"},"content":{"rendered":"<p>[et_pb_section fb_built=&#8221;1&#8243; fullwidth=&#8221;on&#8221; admin_label=&#8221;Interior Hero 1&#8243; module_class=&#8221;sfly_interior sfly_interior_hero_1&#8243; _builder_version=&#8221;4.16&#8243; background_color=&#8221;#000000&#8243; saved_tabs=&#8221;all&#8221; locked=&#8221;off&#8221; global_colors_info=&#8221;{}&#8221;][et_pb_fullwidth_header title=&#8221;Industrial Waste&#8221; text_orientation=&#8221;center&#8221; background_overlay_color=&#8221;rgba(0,0,0,0.5)&#8221; module_class=&#8221;sfly_fullwidth_header&#8221; _builder_version=&#8221;4.27.4&#8243; title_font=&#8221;|700|||||||&#8221; title_font_size=&#8221;48px&#8221; content_font=&#8221;||||||||&#8221; content_font_size=&#8221;18px&#8221; subhead_font=&#8221;||||||||&#8221; background_image=&#8221;https:\/\/www.residuos.info\/wp-content\/uploads\/2023\/05\/barriles-almacenar-aceite-scaled.jpg&#8221; custom_button_one=&#8221;on&#8221; button_one_text_color=&#8221;#000000&#8243; button_one_bg_color=&#8221;#ffffff&#8221; button_one_border_color=&#8221;#ffffff&#8221; button_one_font=&#8221;|700|||||||&#8221; button_one_use_icon=&#8221;off&#8221; custom_button_two=&#8221;on&#8221; button_two_font=&#8221;|700|||||||&#8221; button_two_use_icon=&#8221;off&#8221; custom_padding=&#8221;60px||50px||false&#8221; animation_style=&#8221;fade&#8221; animation_duration=&#8221;1500ms&#8221; title_font_size_tablet=&#8221;36px&#8221; title_font_size_phone=&#8221;24px&#8221; title_font_size_last_edited=&#8221;on|phone&#8221; button_one_text_color_hover=&#8221;#ffffff&#8221; button_two_text_color_hover=&#8221;#ffffff&#8221; button_one_border_color_hover=&#8221;#ffffff&#8221; button_two_border_color_hover=&#8221;#ffffff&#8221; button_one_bg_color_hover=&#8221;rgba(255,255,255,0)&#8221; button_two_bg_color_hover=&#8221;rgba(0,0,0,0)&#8221; global_colors_info=&#8221;{}&#8221; button_one_text_size__hover_enabled=&#8221;off&#8221; button_two_text_size__hover_enabled=&#8221;off&#8221; button_one_text_color__hover_enabled=&#8221;on&#8221; button_one_text_color__hover=&#8221;#ffffff&#8221; button_two_text_color__hover_enabled=&#8221;on&#8221; button_two_text_color__hover=&#8221;#ffffff&#8221; button_one_border_width__hover_enabled=&#8221;off&#8221; button_two_border_width__hover_enabled=&#8221;off&#8221; button_one_border_color__hover_enabled=&#8221;on&#8221; button_one_border_color__hover=&#8221;#ffffff&#8221; button_two_border_color__hover_enabled=&#8221;on&#8221; button_two_border_color__hover=&#8221;#ffffff&#8221; button_one_border_radius__hover_enabled=&#8221;off&#8221; button_two_border_radius__hover_enabled=&#8221;off&#8221; button_one_letter_spacing__hover_enabled=&#8221;off&#8221; button_two_letter_spacing__hover_enabled=&#8221;off&#8221; button_one_bg_color__hover_enabled=&#8221;on&#8221; button_one_bg_color__hover=&#8221;rgba(255,255,255,0)&#8221; button_two_bg_color__hover_enabled=&#8221;on&#8221; button_two_bg_color__hover=&#8221;rgba(0,0,0,0)&#8221;]<\/p>\n<h6>Recovery of industrial waste<\/h6>\n<p>[\/et_pb_fullwidth_header][\/et_pb_section][et_pb_section fb_built=&#8221;1&#8243; _builder_version=&#8221;4.27.4&#8243; _module_preset=&#8221;default&#8221; custom_margin=&#8221;0px||||false|false&#8221; custom_padding=&#8221;||0px|||&#8221; global_colors_info=&#8221;{}&#8221;][et_pb_row _builder_version=&#8221;4.20.4&#8243; _module_preset=&#8221;default&#8221; global_colors_info=&#8221;{}&#8221;][et_pb_column type=&#8221;4_4&#8243; _builder_version=&#8221;4.20.4&#8243; _module_preset=&#8221;default&#8221; global_colors_info=&#8221;{}&#8221;][et_pb_text _builder_version=&#8221;4.20.4&#8243; _module_preset=&#8221;default&#8221; text_font=&#8221;||||||||&#8221; text_font_size=&#8221;16px&#8221; global_colors_info=&#8221;{}&#8221;]<\/p>\n<p style=\"text-align: justify;\">At A3 we are authorized and trained to offer comprehensive and responsible management of waste from <strong>solvents<\/strong>, <strong>paintings<\/strong>, <strong>oils<\/strong> and <strong>coolants<\/strong>. This waste is highly polluting and represents a risk both for the environment and for people if it is not managed properly.<\/p>\n<p style=\"text-align: justify;\">Our approach is based on complying with the strict legislation and regulations that govern these types of waste. Both solvents and paints require specialized treatment and cannot be disposed of in street bins. As an authorized company, such as A3, we are prepared for the collection and management of these materials and their waste, guaranteeing proper and safe handling.<\/p>\n<p>[\/et_pb_text][\/et_pb_column][\/et_pb_row][\/et_pb_section][et_pb_section fb_built=&#8221;1&#8243; admin_label=&#8221;Image 7&#8243; module_class=&#8221;sfly_image sfly_image_7&#8243; _builder_version=&#8221;4.16&#8243; custom_padding=&#8221;0px|||||&#8221; locked=&#8221;off&#8221; global_colors_info=&#8221;{}&#8221;][et_pb_row column_structure=&#8221;1_3,1_3,1_3&#8243; use_custom_gutter=&#8221;on&#8221; gutter_width=&#8221;2&#8243; module_class=&#8221; et_pb_row_fullwidth&#8221; _builder_version=&#8221;4.27.4&#8243; width_tablet=&#8221;80%&#8221; width_phone=&#8221;80%&#8221; width_last_edited=&#8221;on|desktop&#8221; max_width_tablet=&#8221;80%&#8221; max_width_phone=&#8221;80%&#8221; max_width_last_edited=&#8221;on|desktop&#8221; custom_padding=&#8221;||2.5%|&#8221; make_fullwidth=&#8221;on&#8221; global_colors_info=&#8221;{}&#8221;][et_pb_column type=&#8221;1_3&#8243; _builder_version=&#8221;4.27.4&#8243; background_image=&#8221;https:\/\/www.residuos.info\/wp-content\/uploads\/2023\/05\/vista-superior-lata-pintura-scaled.jpg&#8221; custom_padding=&#8221;|||&#8221; global_colors_info=&#8221;{}&#8221; custom_padding__hover=&#8221;|||&#8221;][et_pb_text quote_border_weight=&#8221;0px&#8221; quote_border_color=&#8221;rgba(0,0,0,0)&#8221; _builder_version=&#8221;4.27.4&#8243; text_font=&#8221;||||||||&#8221; link_font=&#8221;|100|||on|||#000000|&#8221; link_text_color=&#8221;#000000&#8243; quote_font=&#8221;Raleway|200|on||||||&#8221; quote_text_color=&#8221;#000000&#8243; quote_line_height=&#8221;1.3em&#8221; header_font=&#8221;|700|||||||&#8221; header_2_font=&#8221;|700|||||||&#8221; header_3_font=&#8221;|700|||||||&#8221; header_3_text_color=&#8221;#ffffff&#8221; header_3_font_size=&#8221;24px&#8221; header_4_letter_spacing=&#8221;12px&#8221; header_5_font=&#8221;|300|||||||&#8221; header_5_text_color=&#8221;#bfbfbf&#8221; header_5_letter_spacing=&#8221;12px&#8221; header_6_font=&#8221;|700|||||||&#8221; header_6_letter_spacing=&#8221;4px&#8221; background_color=&#8221;rgba(0,0,0,0.25)&#8221; background_enable_image=&#8221;off&#8221; background_blend=&#8221;overlay&#8221; text_orientation=&#8221;center&#8221; background_layout=&#8221;dark&#8221; module_alignment=&#8221;left&#8221; custom_margin_tablet=&#8221;&#8221; custom_margin_phone=&#8221;&#8221; custom_margin_last_edited=&#8221;on|phone&#8221; custom_padding=&#8221;||||true|false&#8221; custom_padding_tablet=&#8221;100px||100px||true|false&#8221; custom_padding_phone=&#8221;63px||63px||true|false&#8221; custom_padding_last_edited=&#8221;on|phone&#8221; quote_font_size_tablet=&#8221;&#8221; quote_font_size_phone=&#8221;&#8221; quote_font_size_last_edited=&#8221;on|desktop&#8221; header_3_font_size_tablet=&#8221;&#8221; header_3_font_size_phone=&#8221;20px&#8221; header_3_font_size_last_edited=&#8221;on|desktop&#8221; saved_tabs=&#8221;all&#8221; locked=&#8221;off&#8221; global_colors_info=&#8221;{}&#8221; background__hover_enabled=&#8221;on&#8221; background_color__hover=&#8221;rgba(0,0,0,0.75)&#8221;]<\/p>\n<h3>Solvents And Paints<\/h3>\n<p>[\/et_pb_text][\/et_pb_column][et_pb_column type=&#8221;1_3&#8243; _builder_version=&#8221;4.27.4&#8243; background_image=&#8221;https:\/\/www.residuos.info\/wp-content\/uploads\/2023\/05\/mecanico-cambiar-aceite-motor-vehiculo-automovil-scaled.jpg&#8221; custom_padding=&#8221;|||&#8221; global_colors_info=&#8221;{}&#8221; custom_padding__hover=&#8221;|||&#8221;][et_pb_text quote_border_weight=&#8221;0px&#8221; quote_border_color=&#8221;rgba(0,0,0,0)&#8221; _builder_version=&#8221;4.27.4&#8243; text_font=&#8221;||||||||&#8221; link_font=&#8221;|100|||on|||#000000|&#8221; link_text_color=&#8221;#000000&#8243; quote_font=&#8221;Raleway|200|on||||||&#8221; quote_text_color=&#8221;#000000&#8243; quote_line_height=&#8221;1.3em&#8221; header_font=&#8221;|700|||||||&#8221; header_2_font=&#8221;|700|||||||&#8221; header_3_font=&#8221;|700|||||||&#8221; header_3_text_color=&#8221;#ffffff&#8221; header_3_font_size=&#8221;24px&#8221; header_4_letter_spacing=&#8221;12px&#8221; header_5_font=&#8221;|300|||||||&#8221; header_5_text_color=&#8221;#bfbfbf&#8221; header_5_letter_spacing=&#8221;12px&#8221; header_6_font=&#8221;|700|||||||&#8221; header_6_letter_spacing=&#8221;4px&#8221; background_color=&#8221;rgba(0,0,0,0.25)&#8221; background_enable_image=&#8221;off&#8221; background_blend=&#8221;overlay&#8221; text_orientation=&#8221;center&#8221; background_layout=&#8221;dark&#8221; module_alignment=&#8221;left&#8221; custom_margin_tablet=&#8221;&#8221; custom_margin_phone=&#8221;&#8221; custom_margin_last_edited=&#8221;on|tablet&#8221; quote_font_size_tablet=&#8221;&#8221; quote_font_size_phone=&#8221;&#8221; quote_font_size_last_edited=&#8221;on|desktop&#8221; header_3_font_size_tablet=&#8221;&#8221; header_3_font_size_phone=&#8221;20px&#8221; header_3_font_size_last_edited=&#8221;on|desktop&#8221; saved_tabs=&#8221;all&#8221; locked=&#8221;off&#8221; global_colors_info=&#8221;{}&#8221; background_color__hover=&#8221;rgba(0,0,0,0.75)&#8221; background__hover_enabled=&#8221;on&#8221;]<\/p>\n<h3>Oils<\/h3>\n<p>[\/et_pb_text][\/et_pb_column][et_pb_column type=&#8221;1_3&#8243; _builder_version=&#8221;4.27.4&#8243; background_image=&#8221;https:\/\/www.residuos.info\/wp-content\/uploads\/2023\/06\/image008-2.png&#8221; custom_padding=&#8221;|||&#8221; global_colors_info=&#8221;{}&#8221; custom_padding__hover=&#8221;|||&#8221;][et_pb_text quote_border_weight=&#8221;0px&#8221; quote_border_color=&#8221;rgba(0,0,0,0)&#8221; _builder_version=&#8221;4.27.4&#8243; text_font=&#8221;||||||||&#8221; link_font=&#8221;|100|||on|||#000000|&#8221; link_text_color=&#8221;#000000&#8243; quote_font=&#8221;Raleway|200|on||||||&#8221; quote_text_color=&#8221;#000000&#8243; quote_line_height=&#8221;1.3em&#8221; header_font=&#8221;|700|||||||&#8221; header_2_font=&#8221;|700|||||||&#8221; header_3_font=&#8221;|700|||||||&#8221; header_3_text_color=&#8221;#ffffff&#8221; header_3_font_size=&#8221;24px&#8221; header_4_letter_spacing=&#8221;12px&#8221; header_5_font=&#8221;|300|||||||&#8221; header_5_text_color=&#8221;#bfbfbf&#8221; header_5_letter_spacing=&#8221;12px&#8221; header_6_font=&#8221;|700|||||||&#8221; header_6_letter_spacing=&#8221;4px&#8221; background_color=&#8221;rgba(0,0,0,0.25)&#8221; background_enable_image=&#8221;off&#8221; background_blend=&#8221;overlay&#8221; text_orientation=&#8221;center&#8221; background_layout=&#8221;dark&#8221; module_alignment=&#8221;left&#8221; custom_margin_tablet=&#8221;&#8221; custom_margin_phone=&#8221;&#8221; custom_margin_last_edited=&#8221;on|tablet&#8221; quote_font_size_tablet=&#8221;&#8221; quote_font_size_phone=&#8221;&#8221; quote_font_size_last_edited=&#8221;on|desktop&#8221; header_3_font_size_tablet=&#8221;&#8221; header_3_font_size_phone=&#8221;20px&#8221; header_3_font_size_last_edited=&#8221;on|desktop&#8221; saved_tabs=&#8221;all&#8221; locked=&#8221;off&#8221; global_colors_info=&#8221;{}&#8221; background_color__hover=&#8221;rgba(0,0,0,0.75)&#8221; background__hover_enabled=&#8221;on&#8221;]<\/p>\n<h3>Talandrines<\/h3>\n<p>[\/et_pb_text][\/et_pb_column][\/et_pb_row][\/et_pb_section][et_pb_section fb_built=&#8221;1&#8243; admin_label=&#8221;Services&#8221; _builder_version=&#8221;4.20.4&#8243; background_color=&#8221;#eaeaf1&#8243; min_height=&#8221;290.4px&#8221; custom_padding=&#8221;73px|||||&#8221; global_colors_info=&#8221;{}&#8221;][et_pb_row _builder_version=&#8221;4.20.4&#8243; _module_preset=&#8221;default&#8221; global_colors_info=&#8221;{}&#8221;][et_pb_column type=&#8221;4_4&#8243; _builder_version=&#8221;4.20.4&#8243; _module_preset=&#8221;default&#8221; global_colors_info=&#8221;{}&#8221;][et_pb_text _builder_version=&#8221;4.20.4&#8243; _module_preset=&#8221;default&#8221; text_font_size=&#8221;16px&#8221; global_colors_info=&#8221;{}&#8221;]<\/p>\n<p style=\"text-align: justify;\">Solvent and paint residues come from various industrial activities, such as the manufacture of paints, lacquers, enamels, varnishes, graphic arts, dyes, the pharmaceutical industry, pharmaceutical laboratories, the chemical industry, resin manufacturing, automobile manufacturing, electroplating industry, among others. others.de resinas, fabricaci\u00f3n de autom\u00f3viles, industria galvanot\u00e9cnica, entre otras. Our experience covers the management of this waste in different industrial sectors, ensuring an appropriate solution for each case.<\/p>\n<p style=\"text-align: justify;\">On the other hand, we also specialize in the management and collection of waste oils and coolants from mechanical and machining workshops. These industrial oils and coolants are used for lubrication and cooling in cutting, molding and metal treatment operations. However, once used, they become highly polluting elements due to the presence of metallic remains, biocides, nitrosamines, boron, germs, among other harmful components.<\/p>\n<p>[\/et_pb_text][\/et_pb_column][\/et_pb_row][\/et_pb_section]<\/p>\n","protected":false},"excerpt":{"rendered":"<p>Recovery of industrial wasteAt A3 we are authorized and trained to offer comprehensive and responsible management of waste from solvents, paintings, oils and coolants. This waste is highly polluting and represents a risk both for the environment and for people if it is not managed properly. Our approach is based on complying with the strict [&hellip;]<\/p>\n","protected":false},"author":7,"featured_media":0,"parent":0,"menu_order":0,"comment_status":"closed","ping_status":"closed","template":"","meta":{"_et_pb_use_builder":"on","_et_pb_old_content":"","_et_gb_content_width":"","inline_featured_image":false,"footnotes":""},"class_list":["post-1106","page","type-page","status-publish","hentry"],"yoast_head":"<!-- This site is optimized with the Yoast SEO plugin v27.3 - https:\/\/yoast.com\/product\/yoast-seo-wordpress\/ -->\n<title>Industrial waste - A.3 RECICLAJE, GESTI\u00d3N DE RESIDUOS Y METALES<\/title>\n<meta name=\"description\" content=\"At A3 we offer you a recovery of industrial waste, complying with our high environmental quality standards.\" \/>\n<meta name=\"robots\" content=\"index, follow, max-snippet:-1, max-image-preview:large, max-video-preview:-1\" \/>\n<link rel=\"canonical\" href=\"https:\/\/www.residuos.info\/en\/industrial-waste\/\" \/>\n<meta property=\"og:locale\" content=\"en_US\" \/>\n<meta property=\"og:type\" content=\"article\" \/>\n<meta property=\"og:title\" content=\"Industrial waste - A.3 RECICLAJE, GESTI\u00d3N DE RESIDUOS Y METALES\" \/>\n<meta property=\"og:description\" content=\"At A3 we offer you a recovery of industrial waste, complying with our high environmental quality standards.\" \/>\n<meta property=\"og:url\" content=\"https:\/\/www.residuos.info\/en\/industrial-waste\/\" \/>\n<meta property=\"og:site_name\" content=\"A.3 RECICLAJE, GESTI\u00d3N DE RESIDUOS Y METALES\" \/>\n<meta property=\"article:modified_time\" content=\"2025-06-03T09:17:17+00:00\" \/>\n<meta name=\"twitter:card\" content=\"summary_large_image\" \/>\n<meta name=\"twitter:label1\" content=\"Est. reading time\" \/>\n\t<meta name=\"twitter:data1\" content=\"4 minutes\" \/>\n<script type=\"application\/ld+json\" class=\"yoast-schema-graph\">{\"@context\":\"https:\\\/\\\/schema.org\",\"@graph\":[{\"@type\":\"WebPage\",\"@id\":\"https:\\\/\\\/www.residuos.info\\\/en\\\/industrial-waste\\\/\",\"url\":\"https:\\\/\\\/www.residuos.info\\\/en\\\/industrial-waste\\\/\",\"name\":\"Industrial waste - A.3 RECICLAJE, GESTI\u00d3N DE RESIDUOS Y METALES\",\"isPartOf\":{\"@id\":\"https:\\\/\\\/www.residuos.info\\\/en\\\/#website\"},\"datePublished\":\"2023-05-22T13:39:33+00:00\",\"dateModified\":\"2025-06-03T09:17:17+00:00\",\"description\":\"At A3 we offer you a recovery of industrial waste, complying with our high environmental quality standards.\",\"breadcrumb\":{\"@id\":\"https:\\\/\\\/www.residuos.info\\\/en\\\/industrial-waste\\\/#breadcrumb\"},\"inLanguage\":\"en-US\",\"potentialAction\":[{\"@type\":\"ReadAction\",\"target\":[\"https:\\\/\\\/www.residuos.info\\\/en\\\/industrial-waste\\\/\"]}]},{\"@type\":\"BreadcrumbList\",\"@id\":\"https:\\\/\\\/www.residuos.info\\\/en\\\/industrial-waste\\\/#breadcrumb\",\"itemListElement\":[{\"@type\":\"ListItem\",\"position\":1,\"name\":\"Portada\",\"item\":\"https:\\\/\\\/www.residuos.info\\\/en\\\/home\\\/\"},{\"@type\":\"ListItem\",\"position\":2,\"name\":\"Industrial waste\"}]},{\"@type\":\"WebSite\",\"@id\":\"https:\\\/\\\/www.residuos.info\\\/en\\\/#website\",\"url\":\"https:\\\/\\\/www.residuos.info\\\/en\\\/\",\"name\":\"A.3 RECICLAJE, GESTI\u00d3N DE RESIDUOS Y METALES\",\"description\":\"Expertos en reciclaje, valorizaci\u00f3n y gesti\u00f3n de residuos y compra de metales. Soluciones para el ASESORAMIENTO, TRANSPORTE y GESTI\u00d3N de residuos.\",\"potentialAction\":[{\"@type\":\"SearchAction\",\"target\":{\"@type\":\"EntryPoint\",\"urlTemplate\":\"https:\\\/\\\/www.residuos.info\\\/en\\\/?s={search_term_string}\"},\"query-input\":{\"@type\":\"PropertyValueSpecification\",\"valueRequired\":true,\"valueName\":\"search_term_string\"}}],\"inLanguage\":\"en-US\"}]}<\/script>\n<!-- \/ Yoast SEO plugin. -->","yoast_head_json":{"title":"Industrial waste - A.3 RECICLAJE, GESTI\u00d3N DE RESIDUOS Y METALES","description":"At A3 we offer you a recovery of industrial waste, complying with our high environmental quality standards.","robots":{"index":"index","follow":"follow","max-snippet":"max-snippet:-1","max-image-preview":"max-image-preview:large","max-video-preview":"max-video-preview:-1"},"canonical":"https:\/\/www.residuos.info\/en\/industrial-waste\/","og_locale":"en_US","og_type":"article","og_title":"Industrial waste - A.3 RECICLAJE, GESTI\u00d3N DE RESIDUOS Y METALES","og_description":"At A3 we offer you a recovery of industrial waste, complying with our high environmental quality standards.","og_url":"https:\/\/www.residuos.info\/en\/industrial-waste\/","og_site_name":"A.3 RECICLAJE, GESTI\u00d3N DE RESIDUOS Y METALES","article_modified_time":"2025-06-03T09:17:17+00:00","twitter_card":"summary_large_image","twitter_misc":{"Est. reading time":"4 minutes"},"schema":{"@context":"https:\/\/schema.org","@graph":[{"@type":"WebPage","@id":"https:\/\/www.residuos.info\/en\/industrial-waste\/","url":"https:\/\/www.residuos.info\/en\/industrial-waste\/","name":"Industrial waste - A.3 RECICLAJE, GESTI\u00d3N DE RESIDUOS Y METALES","isPartOf":{"@id":"https:\/\/www.residuos.info\/en\/#website"},"datePublished":"2023-05-22T13:39:33+00:00","dateModified":"2025-06-03T09:17:17+00:00","description":"At A3 we offer you a recovery of industrial waste, complying with our high environmental quality standards.","breadcrumb":{"@id":"https:\/\/www.residuos.info\/en\/industrial-waste\/#breadcrumb"},"inLanguage":"en-US","potentialAction":[{"@type":"ReadAction","target":["https:\/\/www.residuos.info\/en\/industrial-waste\/"]}]},{"@type":"BreadcrumbList","@id":"https:\/\/www.residuos.info\/en\/industrial-waste\/#breadcrumb","itemListElement":[{"@type":"ListItem","position":1,"name":"Portada","item":"https:\/\/www.residuos.info\/en\/home\/"},{"@type":"ListItem","position":2,"name":"Industrial waste"}]},{"@type":"WebSite","@id":"https:\/\/www.residuos.info\/en\/#website","url":"https:\/\/www.residuos.info\/en\/","name":"A.3 RECICLAJE, GESTI\u00d3N DE RESIDUOS Y METALES","description":"Expertos en reciclaje, valorizaci\u00f3n y gesti\u00f3n de residuos y compra de metales. Soluciones para el ASESORAMIENTO, TRANSPORTE y GESTI\u00d3N de residuos.","potentialAction":[{"@type":"SearchAction","target":{"@type":"EntryPoint","urlTemplate":"https:\/\/www.residuos.info\/en\/?s={search_term_string}"},"query-input":{"@type":"PropertyValueSpecification","valueRequired":true,"valueName":"search_term_string"}}],"inLanguage":"en-US"}]}},"_links":{"self":[{"href":"https:\/\/www.residuos.info\/en\/wp-json\/wp\/v2\/pages\/1106","targetHints":{"allow":["GET"]}}],"collection":[{"href":"https:\/\/www.residuos.info\/en\/wp-json\/wp\/v2\/pages"}],"about":[{"href":"https:\/\/www.residuos.info\/en\/wp-json\/wp\/v2\/types\/page"}],"author":[{"embeddable":true,"href":"https:\/\/www.residuos.info\/en\/wp-json\/wp\/v2\/users\/7"}],"replies":[{"embeddable":true,"href":"https:\/\/www.residuos.info\/en\/wp-json\/wp\/v2\/comments?post=1106"}],"version-history":[{"count":11,"href":"https:\/\/www.residuos.info\/en\/wp-json\/wp\/v2\/pages\/1106\/revisions"}],"predecessor-version":[{"id":100885,"href":"https:\/\/www.residuos.info\/en\/wp-json\/wp\/v2\/pages\/1106\/revisions\/100885"}],"wp:attachment":[{"href":"https:\/\/www.residuos.info\/en\/wp-json\/wp\/v2\/media?parent=1106"}],"curies":[{"name":"wp","href":"https:\/\/api.w.org\/{rel}","templated":true}]}}