{"id":1078,"date":"2023-04-26T14:13:35","date_gmt":"2023-04-26T12:13:35","guid":{"rendered":"https:\/\/residuos.info\/news\/"},"modified":"2025-06-03T12:31:29","modified_gmt":"2025-06-03T10:31:29","slug":"news","status":"publish","type":"page","link":"https:\/\/www.residuos.info\/en\/news\/","title":{"rendered":"NEWS"},"content":{"rendered":"<p>[et_pb_section fb_built=&#8221;1&#8243; fullwidth=&#8221;on&#8221; admin_label=&#8221;Interior Hero 1&#8243; module_class=&#8221;sfly_interior sfly_interior_hero_1&#8243; _builder_version=&#8221;4.16&#8243; background_color=&#8221;#000000&#8243; saved_tabs=&#8221;all&#8221; locked=&#8221;off&#8221; global_colors_info=&#8221;{}&#8221;][et_pb_fullwidth_header title=&#8221;News&#8221; text_orientation=&#8221;center&#8221; background_overlay_color=&#8221;rgba(0,0,0,0.5)&#8221; module_class=&#8221;sfly_fullwidth_header&#8221; _builder_version=&#8221;4.27.4&#8243; title_font=&#8221;|700|||||||&#8221; title_font_size=&#8221;48px&#8221; content_font=&#8221;||||||||&#8221; content_font_size=&#8221;18px&#8221; subhead_font=&#8221;||||||||&#8221; use_background_color_gradient=&#8221;on&#8221; background_color_gradient_stops=&#8221;gcid-761b6b6d-e7df-46e2-bd5b-e1b7e4297ca1 0%|#1a2682 100%&#8221; background_position=&#8221;bottom_center&#8221; custom_button_one=&#8221;on&#8221; button_one_text_color=&#8221;#000000&#8243; button_one_bg_color=&#8221;#ffffff&#8221; button_one_border_color=&#8221;#ffffff&#8221; button_one_font=&#8221;|700|||||||&#8221; button_one_use_icon=&#8221;off&#8221; custom_button_two=&#8221;on&#8221; button_two_font=&#8221;|700|||||||&#8221; button_two_use_icon=&#8221;off&#8221; custom_padding=&#8221;60px||50px||false&#8221; animation_style=&#8221;fade&#8221; animation_duration=&#8221;1500ms&#8221; title_font_size_tablet=&#8221;36px&#8221; title_font_size_phone=&#8221;24px&#8221; title_font_size_last_edited=&#8221;on|phone&#8221; button_one_text_color_hover=&#8221;#ffffff&#8221; button_two_text_color_hover=&#8221;#ffffff&#8221; button_one_border_color_hover=&#8221;#ffffff&#8221; button_two_border_color_hover=&#8221;#ffffff&#8221; button_one_bg_color_hover=&#8221;rgba(255,255,255,0)&#8221; button_two_bg_color_hover=&#8221;rgba(0,0,0,0)&#8221; global_colors_info=&#8221;{%22gcid-761b6b6d-e7df-46e2-bd5b-e1b7e4297ca1%22:%91%22background_color_gradient_stops%22%93}&#8221; button_one_text_size__hover_enabled=&#8221;off&#8221; button_two_text_size__hover_enabled=&#8221;off&#8221; button_one_text_color__hover_enabled=&#8221;on&#8221; button_one_text_color__hover=&#8221;#ffffff&#8221; button_two_text_color__hover_enabled=&#8221;on&#8221; button_two_text_color__hover=&#8221;#ffffff&#8221; button_one_border_width__hover_enabled=&#8221;off&#8221; button_two_border_width__hover_enabled=&#8221;off&#8221; button_one_border_color__hover_enabled=&#8221;on&#8221; button_one_border_color__hover=&#8221;#ffffff&#8221; button_two_border_color__hover_enabled=&#8221;on&#8221; button_two_border_color__hover=&#8221;#ffffff&#8221; button_one_border_radius__hover_enabled=&#8221;off&#8221; button_two_border_radius__hover_enabled=&#8221;off&#8221; button_one_letter_spacing__hover_enabled=&#8221;off&#8221; button_two_letter_spacing__hover_enabled=&#8221;off&#8221; button_one_bg_color__hover_enabled=&#8221;on&#8221; button_one_bg_color__hover=&#8221;rgba(255,255,255,0)&#8221; button_two_bg_color__hover_enabled=&#8221;on&#8221; button_two_bg_color__hover=&#8221;rgba(0,0,0,0)&#8221;]<\/p>\n<h6>Catch up on current news or appearances of A.3 in the media<\/h6>\n<p>[\/et_pb_fullwidth_header][\/et_pb_section][et_pb_section fb_built=&#8221;1&#8243; admin_label=&#8221;Services&#8221; _builder_version=&#8221;4.20.4&#8243; background_color=&#8221;#eaeaf1&#8243; custom_padding=&#8221;2px||73px|||&#8221; global_colors_info=&#8221;{}&#8221;][et_pb_row _builder_version=&#8221;4.20.4&#8243; _module_preset=&#8221;default&#8221; global_colors_info=&#8221;{}&#8221;][et_pb_column type=&#8221;4_4&#8243; _builder_version=&#8221;4.20.4&#8243; _module_preset=&#8221;default&#8221; global_colors_info=&#8221;{}&#8221;][et_pb_blog fullwidth=&#8221;off&#8221; posts_number=&#8221;9&#8243; include_categories=&#8221;all&#8221; show_more=&#8221;on&#8221; show_author=&#8221;off&#8221; _builder_version=&#8221;4.27.4&#8243; _module_preset=&#8221;default&#8221; hover_enabled=&#8221;0&#8243; global_colors_info=&#8221;{}&#8221; header_font=&#8221;|700|||||||&#8221; sticky_enabled=&#8221;0&#8243;][\/et_pb_blog][\/et_pb_column][\/et_pb_row][\/et_pb_section]<\/p>\n","protected":false},"excerpt":{"rendered":"<p>Catch up on current news or appearances of A.3 in the media<\/p>\n","protected":false},"author":7,"featured_media":0,"parent":0,"menu_order":0,"comment_status":"closed","ping_status":"closed","template":"","meta":{"_et_pb_use_builder":"on","_et_pb_old_content":"","_et_gb_content_width":"","inline_featured_image":false,"footnotes":""},"class_list":["post-1078","page","type-page","status-publish","hentry"],"yoast_head":"<!-- This site is optimized with the Yoast SEO plugin v27.3 - https:\/\/yoast.com\/product\/yoast-seo-wordpress\/ -->\n<title>NEWS - A.3 RECICLAJE, GESTI\u00d3N DE RESIDUOS Y METALES<\/title>\n<meta name=\"description\" content=\"Get up to date with our most outstanding news or A.3 appearances on radio and\/or television.\" \/>\n<meta name=\"robots\" content=\"index, follow, max-snippet:-1, max-image-preview:large, max-video-preview:-1\" \/>\n<link rel=\"canonical\" href=\"https:\/\/www.residuos.info\/en\/news\/\" \/>\n<meta property=\"og:locale\" content=\"en_US\" \/>\n<meta property=\"og:type\" content=\"article\" \/>\n<meta property=\"og:title\" content=\"NEWS - A.3 RECICLAJE, GESTI\u00d3N DE RESIDUOS Y METALES\" \/>\n<meta property=\"og:description\" content=\"Get up to date with our most outstanding news or A.3 appearances on radio and\/or television.\" \/>\n<meta property=\"og:url\" content=\"https:\/\/www.residuos.info\/en\/news\/\" \/>\n<meta property=\"og:site_name\" content=\"A.3 RECICLAJE, GESTI\u00d3N DE RESIDUOS Y METALES\" \/>\n<meta property=\"article:modified_time\" content=\"2025-06-03T10:31:29+00:00\" \/>\n<meta name=\"twitter:card\" content=\"summary_large_image\" \/>\n<meta name=\"twitter:label1\" content=\"Est. reading time\" \/>\n\t<meta name=\"twitter:data1\" content=\"2 minutes\" \/>\n<script type=\"application\/ld+json\" class=\"yoast-schema-graph\">{\"@context\":\"https:\\\/\\\/schema.org\",\"@graph\":[{\"@type\":\"WebPage\",\"@id\":\"https:\\\/\\\/www.residuos.info\\\/en\\\/news\\\/\",\"url\":\"https:\\\/\\\/www.residuos.info\\\/en\\\/news\\\/\",\"name\":\"NEWS - A.3 RECICLAJE, GESTI\u00d3N DE RESIDUOS Y METALES\",\"isPartOf\":{\"@id\":\"https:\\\/\\\/www.residuos.info\\\/en\\\/#website\"},\"datePublished\":\"2023-04-26T12:13:35+00:00\",\"dateModified\":\"2025-06-03T10:31:29+00:00\",\"description\":\"Get up to date with our most outstanding news or A.3 appearances on radio and\\\/or television.\",\"breadcrumb\":{\"@id\":\"https:\\\/\\\/www.residuos.info\\\/en\\\/news\\\/#breadcrumb\"},\"inLanguage\":\"en-US\",\"potentialAction\":[{\"@type\":\"ReadAction\",\"target\":[\"https:\\\/\\\/www.residuos.info\\\/en\\\/news\\\/\"]}]},{\"@type\":\"BreadcrumbList\",\"@id\":\"https:\\\/\\\/www.residuos.info\\\/en\\\/news\\\/#breadcrumb\",\"itemListElement\":[{\"@type\":\"ListItem\",\"position\":1,\"name\":\"Portada\",\"item\":\"https:\\\/\\\/www.residuos.info\\\/en\\\/home\\\/\"},{\"@type\":\"ListItem\",\"position\":2,\"name\":\"NEWS\"}]},{\"@type\":\"WebSite\",\"@id\":\"https:\\\/\\\/www.residuos.info\\\/en\\\/#website\",\"url\":\"https:\\\/\\\/www.residuos.info\\\/en\\\/\",\"name\":\"A.3 RECICLAJE, GESTI\u00d3N DE RESIDUOS Y METALES\",\"description\":\"Expertos en reciclaje, valorizaci\u00f3n y gesti\u00f3n de residuos y compra de metales. Soluciones para el ASESORAMIENTO, TRANSPORTE y GESTI\u00d3N de residuos.\",\"potentialAction\":[{\"@type\":\"SearchAction\",\"target\":{\"@type\":\"EntryPoint\",\"urlTemplate\":\"https:\\\/\\\/www.residuos.info\\\/en\\\/?s={search_term_string}\"},\"query-input\":{\"@type\":\"PropertyValueSpecification\",\"valueRequired\":true,\"valueName\":\"search_term_string\"}}],\"inLanguage\":\"en-US\"}]}<\/script>\n<!-- \/ Yoast SEO plugin. -->","yoast_head_json":{"title":"NEWS - A.3 RECICLAJE, GESTI\u00d3N DE RESIDUOS Y METALES","description":"Get up to date with our most outstanding news or A.3 appearances on radio and\/or television.","robots":{"index":"index","follow":"follow","max-snippet":"max-snippet:-1","max-image-preview":"max-image-preview:large","max-video-preview":"max-video-preview:-1"},"canonical":"https:\/\/www.residuos.info\/en\/news\/","og_locale":"en_US","og_type":"article","og_title":"NEWS - A.3 RECICLAJE, GESTI\u00d3N DE RESIDUOS Y METALES","og_description":"Get up to date with our most outstanding news or A.3 appearances on radio and\/or television.","og_url":"https:\/\/www.residuos.info\/en\/news\/","og_site_name":"A.3 RECICLAJE, GESTI\u00d3N DE RESIDUOS Y METALES","article_modified_time":"2025-06-03T10:31:29+00:00","twitter_card":"summary_large_image","twitter_misc":{"Est. reading time":"2 minutes"},"schema":{"@context":"https:\/\/schema.org","@graph":[{"@type":"WebPage","@id":"https:\/\/www.residuos.info\/en\/news\/","url":"https:\/\/www.residuos.info\/en\/news\/","name":"NEWS - A.3 RECICLAJE, GESTI\u00d3N DE RESIDUOS Y METALES","isPartOf":{"@id":"https:\/\/www.residuos.info\/en\/#website"},"datePublished":"2023-04-26T12:13:35+00:00","dateModified":"2025-06-03T10:31:29+00:00","description":"Get up to date with our most outstanding news or A.3 appearances on radio and\/or television.","breadcrumb":{"@id":"https:\/\/www.residuos.info\/en\/news\/#breadcrumb"},"inLanguage":"en-US","potentialAction":[{"@type":"ReadAction","target":["https:\/\/www.residuos.info\/en\/news\/"]}]},{"@type":"BreadcrumbList","@id":"https:\/\/www.residuos.info\/en\/news\/#breadcrumb","itemListElement":[{"@type":"ListItem","position":1,"name":"Portada","item":"https:\/\/www.residuos.info\/en\/home\/"},{"@type":"ListItem","position":2,"name":"NEWS"}]},{"@type":"WebSite","@id":"https:\/\/www.residuos.info\/en\/#website","url":"https:\/\/www.residuos.info\/en\/","name":"A.3 RECICLAJE, GESTI\u00d3N DE RESIDUOS Y METALES","description":"Expertos en reciclaje, valorizaci\u00f3n y gesti\u00f3n de residuos y compra de metales. Soluciones para el ASESORAMIENTO, TRANSPORTE y GESTI\u00d3N de residuos.","potentialAction":[{"@type":"SearchAction","target":{"@type":"EntryPoint","urlTemplate":"https:\/\/www.residuos.info\/en\/?s={search_term_string}"},"query-input":{"@type":"PropertyValueSpecification","valueRequired":true,"valueName":"search_term_string"}}],"inLanguage":"en-US"}]}},"_links":{"self":[{"href":"https:\/\/www.residuos.info\/en\/wp-json\/wp\/v2\/pages\/1078","targetHints":{"allow":["GET"]}}],"collection":[{"href":"https:\/\/www.residuos.info\/en\/wp-json\/wp\/v2\/pages"}],"about":[{"href":"https:\/\/www.residuos.info\/en\/wp-json\/wp\/v2\/types\/page"}],"author":[{"embeddable":true,"href":"https:\/\/www.residuos.info\/en\/wp-json\/wp\/v2\/users\/7"}],"replies":[{"embeddable":true,"href":"https:\/\/www.residuos.info\/en\/wp-json\/wp\/v2\/comments?post=1078"}],"version-history":[{"count":9,"href":"https:\/\/www.residuos.info\/en\/wp-json\/wp\/v2\/pages\/1078\/revisions"}],"predecessor-version":[{"id":100907,"href":"https:\/\/www.residuos.info\/en\/wp-json\/wp\/v2\/pages\/1078\/revisions\/100907"}],"wp:attachment":[{"href":"https:\/\/www.residuos.info\/en\/wp-json\/wp\/v2\/media?parent=1078"}],"curies":[{"name":"wp","href":"https:\/\/api.w.org\/{rel}","templated":true}]}}