{"id":1054,"date":"2023-05-22T14:31:51","date_gmt":"2023-05-22T12:31:51","guid":{"rendered":"https:\/\/residuos.info\/ferrous-non-ferrous\/"},"modified":"2025-06-02T11:36:00","modified_gmt":"2025-06-02T09:36:00","slug":"ferrous-non-ferrous","status":"publish","type":"page","link":"https:\/\/www.residuos.info\/en\/ferrous-non-ferrous\/","title":{"rendered":"Ferrous \/ Non-ferrous"},"content":{"rendered":"<p>[et_pb_section fb_built=&#8221;1&#8243; fullwidth=&#8221;on&#8221; admin_label=&#8221;Interior Hero 1&#8243; module_class=&#8221;sfly_interior sfly_interior_hero_1&#8243; _builder_version=&#8221;4.16&#8243; background_color=&#8221;#000000&#8243; saved_tabs=&#8221;all&#8221; locked=&#8221;off&#8221; global_colors_info=&#8221;{}&#8221;][et_pb_fullwidth_header title=&#8221;FERROUS \/ NON FERROUS&#8221; text_orientation=&#8221;center&#8221; background_overlay_color=&#8221;rgba(0,0,0,0.5)&#8221; module_class=&#8221;sfly_fullwidth_header&#8221; _builder_version=&#8221;4.27.4&#8243; title_font=&#8221;|700|||||||&#8221; title_font_size=&#8221;48px&#8221; content_font=&#8221;||||||||&#8221; content_font_size=&#8221;18px&#8221; subhead_font=&#8221;||||||||&#8221; background_image=&#8221;https:\/\/www.residuos.info\/wp-content\/uploads\/2023\/05\/johnny-sanchez-qcbIqgSY6Io-unsplash.jpg&#8221; custom_button_one=&#8221;on&#8221; button_one_text_color=&#8221;#000000&#8243; button_one_bg_color=&#8221;#ffffff&#8221; button_one_border_color=&#8221;#ffffff&#8221; button_one_font=&#8221;|700|||||||&#8221; button_one_use_icon=&#8221;off&#8221; custom_button_two=&#8221;on&#8221; button_two_font=&#8221;|700|||||||&#8221; button_two_use_icon=&#8221;off&#8221; custom_padding=&#8221;60px||50px||false&#8221; animation_style=&#8221;fade&#8221; animation_duration=&#8221;1500ms&#8221; title_font_size_tablet=&#8221;36px&#8221; title_font_size_phone=&#8221;24px&#8221; title_font_size_last_edited=&#8221;on|phone&#8221; button_one_text_color_hover=&#8221;#ffffff&#8221; button_two_text_color_hover=&#8221;#ffffff&#8221; button_one_border_color_hover=&#8221;#ffffff&#8221; button_two_border_color_hover=&#8221;#ffffff&#8221; button_one_bg_color_hover=&#8221;rgba(255,255,255,0)&#8221; button_two_bg_color_hover=&#8221;rgba(0,0,0,0)&#8221; global_colors_info=&#8221;{}&#8221; button_one_text_size__hover_enabled=&#8221;off&#8221; button_two_text_size__hover_enabled=&#8221;off&#8221; button_one_text_color__hover_enabled=&#8221;on&#8221; button_one_text_color__hover=&#8221;#ffffff&#8221; button_two_text_color__hover_enabled=&#8221;on&#8221; button_two_text_color__hover=&#8221;#ffffff&#8221; button_one_border_width__hover_enabled=&#8221;off&#8221; button_two_border_width__hover_enabled=&#8221;off&#8221; button_one_border_color__hover_enabled=&#8221;on&#8221; button_one_border_color__hover=&#8221;#ffffff&#8221; button_two_border_color__hover_enabled=&#8221;on&#8221; button_two_border_color__hover=&#8221;#ffffff&#8221; button_one_border_radius__hover_enabled=&#8221;off&#8221; button_two_border_radius__hover_enabled=&#8221;off&#8221; button_one_letter_spacing__hover_enabled=&#8221;off&#8221; button_two_letter_spacing__hover_enabled=&#8221;off&#8221; button_one_bg_color__hover_enabled=&#8221;on&#8221; button_one_bg_color__hover=&#8221;rgba(255,255,255,0)&#8221; button_two_bg_color__hover_enabled=&#8221;on&#8221; button_two_bg_color__hover=&#8221;rgba(0,0,0,0)&#8221;]<\/p>\n<h6>Recovery of ferrous \/ non-ferrous waste<\/h6>\n<p>[\/et_pb_fullwidth_header][\/et_pb_section][et_pb_section fb_built=&#8221;1&#8243; _builder_version=&#8221;4.27.4&#8243; _module_preset=&#8221;default&#8221; custom_margin=&#8221;0px||||false|false&#8221; global_colors_info=&#8221;{}&#8221;][et_pb_row column_structure=&#8221;1_2,1_2&#8243; _builder_version=&#8221;4.20.4&#8243; _module_preset=&#8221;default&#8221; global_colors_info=&#8221;{}&#8221;][et_pb_column type=&#8221;1_2&#8243; _builder_version=&#8221;4.20.4&#8243; _module_preset=&#8221;default&#8221; global_colors_info=&#8221;{}&#8221;][et_pb_text _builder_version=&#8221;4.27.4&#8243; _module_preset=&#8221;default&#8221; text_font=&#8221;||||||||&#8221; text_font_size=&#8221;16px&#8221; hover_enabled=&#8221;0&#8243; global_colors_info=&#8221;{}&#8221; sticky_enabled=&#8221;0&#8243;]<\/p>\n<h2 style=\"text-align: left;\"><strong>Recovery and management of ferrous \/ non-ferrous waste<\/strong><\/h2>\n<p style=\"text-align: justify;\">At A3 we value and manage all types of ferrous and non-ferrous waste, providing them with the maximum possible value. We specialize in the comprehensive management of this waste, taking care of its collection, transport and treatment.<\/p>\n<p style=\"text-align: justify;\">Our approach is based on offering efficient and sustainable solutions for the management of non-ferrous and ferrous waste. We buy ferrous and non-ferrous metals and special alloys, making sure to offer you the best price for your waste.<\/p>\n<p>[\/et_pb_text][\/et_pb_column][et_pb_column type=&#8221;1_2&#8243; _builder_version=&#8221;4.20.4&#8243; _module_preset=&#8221;default&#8221; global_colors_info=&#8221;{}&#8221;][et_pb_image src=&#8221;https:\/\/www.residuos.info\/wp-content\/uploads\/2023\/05\/surtido-objetos-sucios-tirados-scaled.jpg&#8221; alt=&#8221;surtido-objetos-sucios-tirados&#8221; title_text=&#8221;surtido-objetos-sucios-tirados&#8221; _builder_version=&#8221;4.20.4&#8243; _module_preset=&#8221;default&#8221; global_colors_info=&#8221;{}&#8221;][\/et_pb_image][\/et_pb_column][\/et_pb_row][\/et_pb_section][et_pb_section fb_built=&#8221;1&#8243; admin_label=&#8221;CTA 4&#8243; module_class=&#8221;sfly_cta sfly_cta_4&#8243; _builder_version=&#8221;4.16&#8243; background_color=&#8221;#000000&#8243; custom_padding=&#8221;0px||0px||true&#8221; locked=&#8221;off&#8221; global_colors_info=&#8221;{}&#8221; background__hover_enabled=&#8221;on|hover&#8221; background_color__hover=&#8221;#5ad8b0&#8243; background_enable_color__hover=&#8221;on&#8221;][et_pb_row use_custom_gutter=&#8221;on&#8221; gutter_width=&#8221;1&#8243; module_class=&#8221; et_pb_row_fullwidth&#8221; _builder_version=&#8221;4.16&#8243; width=&#8221;100%&#8221; width_tablet=&#8221;100%&#8221; width_phone=&#8221;&#8221; width_last_edited=&#8221;on|desktop&#8221; max_width=&#8221;100%&#8221; max_width_tablet=&#8221;100%&#8221; max_width_phone=&#8221;&#8221; max_width_last_edited=&#8221;on|desktop&#8221; custom_padding=&#8221;0px||0px||true&#8221; make_fullwidth=&#8221;on&#8221; global_colors_info=&#8221;{}&#8221;][et_pb_column type=&#8221;4_4&#8243; _builder_version=&#8221;4.16&#8243; custom_padding=&#8221;|||&#8221; global_colors_info=&#8221;{}&#8221; custom_padding__hover=&#8221;|||&#8221;][et_pb_text _builder_version=&#8221;4.27.4&#8243; text_font=&#8221;||||||||&#8221; header_font=&#8221;||||||||&#8221; header_3_font=&#8221;|700|||||||&#8221; text_orientation=&#8221;center&#8221; background_layout=&#8221;dark&#8221; custom_margin=&#8221;|||&#8221; custom_padding=&#8221;|||&#8221; hover_enabled=&#8221;0&#8243; global_colors_info=&#8221;{%22gcid-secondary-color%22:%91%22background_color__hover%22%93}&#8221; background__hover_enabled=&#8221;on|hover&#8221; background_color__hover=&#8221;#2ea3f2&#8243; background_enable_color__hover=&#8221;on&#8221; sticky_enabled=&#8221;0&#8243;]<\/p>\n<h3><a href=\"\/#contacto\">Ask for a valuation\u00a0<i class=\"fas fa-angle-right\"><\/i><\/a><\/h3>\n<p>[\/et_pb_text][\/et_pb_column][\/et_pb_row][\/et_pb_section][et_pb_section fb_built=&#8221;1&#8243; admin_label=&#8221;Services&#8221; _builder_version=&#8221;4.20.4&#8243; background_color=&#8221;#eaeaf1&#8243; custom_padding=&#8221;2px||0px|||&#8221; global_colors_info=&#8221;{}&#8221;][et_pb_row _builder_version=&#8221;4.20.4&#8243; _module_preset=&#8221;default&#8221; global_colors_info=&#8221;{}&#8221;][et_pb_column type=&#8221;4_4&#8243; _builder_version=&#8221;4.20.4&#8243; _module_preset=&#8221;default&#8221; global_colors_info=&#8221;{}&#8221;][et_pb_text _builder_version=&#8221;4.20.4&#8243; _module_preset=&#8221;default&#8221; text_font_size=&#8221;16px&#8221; global_colors_info=&#8221;{}&#8221;]<\/p>\n<p style=\"text-align: justify;\"><span>trust <strong>ourexperience<\/strong> and <strong>commitment<\/strong> for the comprehensive management of your metal waste and other materials. Contact us and find out how we can help you get the most value from your waste, while contributing to a more sustainable and environmentally friendly future.<\/span><\/p>\n<p>[\/et_pb_text][\/et_pb_column][\/et_pb_row][et_pb_row column_structure=&#8221;1_2,1_2&#8243; _builder_version=&#8221;4.20.4&#8243; _module_preset=&#8221;default&#8221; global_colors_info=&#8221;{}&#8221;][et_pb_column type=&#8221;1_2&#8243; _builder_version=&#8221;4.20.4&#8243; _module_preset=&#8221;default&#8221; global_colors_info=&#8221;{}&#8221;][et_pb_image src=&#8221;https:\/\/www.residuos.info\/wp-content\/uploads\/2023\/05\/analizador-de-metales.png&#8221; alt=&#8221;analizador-de-metales&#8221; title_text=&#8221;analizador-de-metales&#8221; _builder_version=&#8221;4.20.4&#8243; _module_preset=&#8221;default&#8221; global_colors_info=&#8221;{}&#8221;][\/et_pb_image][\/et_pb_column][et_pb_column type=&#8221;1_2&#8243; _builder_version=&#8221;4.20.4&#8243; _module_preset=&#8221;default&#8221; global_colors_info=&#8221;{}&#8221;][et_pb_text _builder_version=&#8221;4.20.4&#8243; _module_preset=&#8221;default&#8221; text_font_size=&#8221;16px&#8221; global_colors_info=&#8221;{}&#8221;]<\/p>\n<p style=\"text-align: justify;\">Our <strong>X<\/strong>&#8211;<strong>ray<\/strong> metal analyzer is an innovative tool that allows us to know the composition of any metallic element efficiently.<\/p>\n<p style=\"text-align: justify;\">Thanks to this state-of-the-art metal analyzer, we can accurately determine the components and properties of metals present in different materials. This makes it easier for us to identify you and provides us with key information for your economic valuation.<\/p>\n<p>[\/et_pb_text][\/et_pb_column][\/et_pb_row][\/et_pb_section]<\/p>\n","protected":false},"excerpt":{"rendered":"<p>Recovery of ferrous \/ non-ferrous wasteRecovery and management of ferrous \/ non-ferrous waste At A3 we value and manage all types of ferrous and non-ferrous waste, providing them with the maximum possible value. We specialize in the comprehensive management of this waste, taking care of its collection, transport and treatment. Our approach is based on [&hellip;]<\/p>\n","protected":false},"author":7,"featured_media":0,"parent":0,"menu_order":0,"comment_status":"closed","ping_status":"closed","template":"","meta":{"_et_pb_use_builder":"on","_et_pb_old_content":"","_et_gb_content_width":"","inline_featured_image":false,"footnotes":""},"class_list":["post-1054","page","type-page","status-publish","hentry"],"yoast_head":"<!-- This site is optimized with the Yoast SEO plugin v27.3 - https:\/\/yoast.com\/product\/yoast-seo-wordpress\/ -->\n<title>Ferrous \/ Non-ferrous - A.3 RECICLAJE, GESTI\u00d3N DE RESIDUOS Y METALES<\/title>\n<meta name=\"description\" content=\"At A3 we offer you a recovery of ferrous \/ non-ferrous waste, complying with our high environmental quality standards.\" \/>\n<meta name=\"robots\" content=\"index, follow, max-snippet:-1, max-image-preview:large, max-video-preview:-1\" \/>\n<link rel=\"canonical\" href=\"https:\/\/www.residuos.info\/en\/ferrous-non-ferrous\/\" \/>\n<meta property=\"og:locale\" content=\"en_US\" \/>\n<meta property=\"og:type\" content=\"article\" \/>\n<meta property=\"og:title\" content=\"Ferrous \/ Non-ferrous - A.3 RECICLAJE, GESTI\u00d3N DE RESIDUOS Y METALES\" \/>\n<meta property=\"og:description\" content=\"At A3 we offer you a recovery of ferrous \/ non-ferrous waste, complying with our high environmental quality standards.\" \/>\n<meta property=\"og:url\" content=\"https:\/\/www.residuos.info\/en\/ferrous-non-ferrous\/\" \/>\n<meta property=\"og:site_name\" content=\"A.3 RECICLAJE, GESTI\u00d3N DE RESIDUOS Y METALES\" \/>\n<meta property=\"article:modified_time\" content=\"2025-06-02T09:36:00+00:00\" \/>\n<meta name=\"twitter:card\" content=\"summary_large_image\" \/>\n<meta name=\"twitter:label1\" content=\"Est. reading time\" \/>\n\t<meta name=\"twitter:data1\" content=\"3 minutes\" \/>\n<script type=\"application\/ld+json\" class=\"yoast-schema-graph\">{\"@context\":\"https:\\\/\\\/schema.org\",\"@graph\":[{\"@type\":\"WebPage\",\"@id\":\"https:\\\/\\\/www.residuos.info\\\/en\\\/ferrous-non-ferrous\\\/\",\"url\":\"https:\\\/\\\/www.residuos.info\\\/en\\\/ferrous-non-ferrous\\\/\",\"name\":\"Ferrous \\\/ Non-ferrous - A.3 RECICLAJE, GESTI\u00d3N DE RESIDUOS Y METALES\",\"isPartOf\":{\"@id\":\"https:\\\/\\\/www.residuos.info\\\/en\\\/#website\"},\"datePublished\":\"2023-05-22T12:31:51+00:00\",\"dateModified\":\"2025-06-02T09:36:00+00:00\",\"description\":\"At A3 we offer you a recovery of ferrous \\\/ non-ferrous waste, complying with our high environmental quality standards.\",\"breadcrumb\":{\"@id\":\"https:\\\/\\\/www.residuos.info\\\/en\\\/ferrous-non-ferrous\\\/#breadcrumb\"},\"inLanguage\":\"en-US\",\"potentialAction\":[{\"@type\":\"ReadAction\",\"target\":[\"https:\\\/\\\/www.residuos.info\\\/en\\\/ferrous-non-ferrous\\\/\"]}]},{\"@type\":\"BreadcrumbList\",\"@id\":\"https:\\\/\\\/www.residuos.info\\\/en\\\/ferrous-non-ferrous\\\/#breadcrumb\",\"itemListElement\":[{\"@type\":\"ListItem\",\"position\":1,\"name\":\"Portada\",\"item\":\"https:\\\/\\\/www.residuos.info\\\/en\\\/home\\\/\"},{\"@type\":\"ListItem\",\"position\":2,\"name\":\"Ferrous \\\/ Non-ferrous\"}]},{\"@type\":\"WebSite\",\"@id\":\"https:\\\/\\\/www.residuos.info\\\/en\\\/#website\",\"url\":\"https:\\\/\\\/www.residuos.info\\\/en\\\/\",\"name\":\"A.3 RECICLAJE, GESTI\u00d3N DE RESIDUOS Y METALES\",\"description\":\"Expertos en reciclaje, valorizaci\u00f3n y gesti\u00f3n de residuos y compra de metales. Soluciones para el ASESORAMIENTO, TRANSPORTE y GESTI\u00d3N de residuos.\",\"potentialAction\":[{\"@type\":\"SearchAction\",\"target\":{\"@type\":\"EntryPoint\",\"urlTemplate\":\"https:\\\/\\\/www.residuos.info\\\/en\\\/?s={search_term_string}\"},\"query-input\":{\"@type\":\"PropertyValueSpecification\",\"valueRequired\":true,\"valueName\":\"search_term_string\"}}],\"inLanguage\":\"en-US\"}]}<\/script>\n<!-- \/ Yoast SEO plugin. -->","yoast_head_json":{"title":"Ferrous \/ Non-ferrous - A.3 RECICLAJE, GESTI\u00d3N DE RESIDUOS Y METALES","description":"At A3 we offer you a recovery of ferrous \/ non-ferrous waste, complying with our high environmental quality standards.","robots":{"index":"index","follow":"follow","max-snippet":"max-snippet:-1","max-image-preview":"max-image-preview:large","max-video-preview":"max-video-preview:-1"},"canonical":"https:\/\/www.residuos.info\/en\/ferrous-non-ferrous\/","og_locale":"en_US","og_type":"article","og_title":"Ferrous \/ Non-ferrous - A.3 RECICLAJE, GESTI\u00d3N DE RESIDUOS Y METALES","og_description":"At A3 we offer you a recovery of ferrous \/ non-ferrous waste, complying with our high environmental quality standards.","og_url":"https:\/\/www.residuos.info\/en\/ferrous-non-ferrous\/","og_site_name":"A.3 RECICLAJE, GESTI\u00d3N DE RESIDUOS Y METALES","article_modified_time":"2025-06-02T09:36:00+00:00","twitter_card":"summary_large_image","twitter_misc":{"Est. reading time":"3 minutes"},"schema":{"@context":"https:\/\/schema.org","@graph":[{"@type":"WebPage","@id":"https:\/\/www.residuos.info\/en\/ferrous-non-ferrous\/","url":"https:\/\/www.residuos.info\/en\/ferrous-non-ferrous\/","name":"Ferrous \/ Non-ferrous - A.3 RECICLAJE, GESTI\u00d3N DE RESIDUOS Y METALES","isPartOf":{"@id":"https:\/\/www.residuos.info\/en\/#website"},"datePublished":"2023-05-22T12:31:51+00:00","dateModified":"2025-06-02T09:36:00+00:00","description":"At A3 we offer you a recovery of ferrous \/ non-ferrous waste, complying with our high environmental quality standards.","breadcrumb":{"@id":"https:\/\/www.residuos.info\/en\/ferrous-non-ferrous\/#breadcrumb"},"inLanguage":"en-US","potentialAction":[{"@type":"ReadAction","target":["https:\/\/www.residuos.info\/en\/ferrous-non-ferrous\/"]}]},{"@type":"BreadcrumbList","@id":"https:\/\/www.residuos.info\/en\/ferrous-non-ferrous\/#breadcrumb","itemListElement":[{"@type":"ListItem","position":1,"name":"Portada","item":"https:\/\/www.residuos.info\/en\/home\/"},{"@type":"ListItem","position":2,"name":"Ferrous \/ Non-ferrous"}]},{"@type":"WebSite","@id":"https:\/\/www.residuos.info\/en\/#website","url":"https:\/\/www.residuos.info\/en\/","name":"A.3 RECICLAJE, GESTI\u00d3N DE RESIDUOS Y METALES","description":"Expertos en reciclaje, valorizaci\u00f3n y gesti\u00f3n de residuos y compra de metales. Soluciones para el ASESORAMIENTO, TRANSPORTE y GESTI\u00d3N de residuos.","potentialAction":[{"@type":"SearchAction","target":{"@type":"EntryPoint","urlTemplate":"https:\/\/www.residuos.info\/en\/?s={search_term_string}"},"query-input":{"@type":"PropertyValueSpecification","valueRequired":true,"valueName":"search_term_string"}}],"inLanguage":"en-US"}]}},"_links":{"self":[{"href":"https:\/\/www.residuos.info\/en\/wp-json\/wp\/v2\/pages\/1054","targetHints":{"allow":["GET"]}}],"collection":[{"href":"https:\/\/www.residuos.info\/en\/wp-json\/wp\/v2\/pages"}],"about":[{"href":"https:\/\/www.residuos.info\/en\/wp-json\/wp\/v2\/types\/page"}],"author":[{"embeddable":true,"href":"https:\/\/www.residuos.info\/en\/wp-json\/wp\/v2\/users\/7"}],"replies":[{"embeddable":true,"href":"https:\/\/www.residuos.info\/en\/wp-json\/wp\/v2\/comments?post=1054"}],"version-history":[{"count":13,"href":"https:\/\/www.residuos.info\/en\/wp-json\/wp\/v2\/pages\/1054\/revisions"}],"predecessor-version":[{"id":100830,"href":"https:\/\/www.residuos.info\/en\/wp-json\/wp\/v2\/pages\/1054\/revisions\/100830"}],"wp:attachment":[{"href":"https:\/\/www.residuos.info\/en\/wp-json\/wp\/v2\/media?parent=1054"}],"curies":[{"name":"wp","href":"https:\/\/api.w.org\/{rel}","templated":true}]}}