{"id":1048,"date":"2023-05-02T14:50:59","date_gmt":"2023-05-02T12:50:59","guid":{"rendered":"https:\/\/residuos.info\/purchase-sale-of-metals\/"},"modified":"2025-06-03T11:37:16","modified_gmt":"2025-06-03T09:37:16","slug":"purchase-sale-of-metals","status":"publish","type":"page","link":"https:\/\/www.residuos.info\/en\/purchase-sale-of-metals\/","title":{"rendered":"Purchase sale of metals"},"content":{"rendered":"<p>[et_pb_section fb_built=&#8221;1&#8243; fullwidth=&#8221;on&#8221; admin_label=&#8221;Interior Hero 1&#8243; module_class=&#8221;sfly_interior sfly_interior_hero_1&#8243; _builder_version=&#8221;4.16&#8243; background_color=&#8221;#000000&#8243; saved_tabs=&#8221;all&#8221; locked=&#8221;off&#8221; global_colors_info=&#8221;{}&#8221;][et_pb_fullwidth_header title=&#8221;PURCHASE AND SALE OF METALS&#8221; text_orientation=&#8221;center&#8221; background_overlay_color=&#8221;rgba(0,0,0,0.5)&#8221; module_class=&#8221;sfly_fullwidth_header&#8221; _builder_version=&#8221;4.27.4&#8243; title_font=&#8221;|700|||||||&#8221; title_font_size=&#8221;48px&#8221; content_font=&#8221;||||||||&#8221; content_font_size=&#8221;18px&#8221; subhead_font=&#8221;||||||||&#8221; background_enable_image=&#8221;off&#8221; custom_button_one=&#8221;on&#8221; button_one_text_color=&#8221;#000000&#8243; button_one_bg_color=&#8221;#ffffff&#8221; button_one_border_color=&#8221;#ffffff&#8221; button_one_font=&#8221;|700|||||||&#8221; button_one_use_icon=&#8221;off&#8221; custom_button_two=&#8221;on&#8221; button_two_font=&#8221;|700|||||||&#8221; button_two_use_icon=&#8221;off&#8221; custom_padding=&#8221;60px||50px||false&#8221; animation_style=&#8221;fade&#8221; animation_duration=&#8221;1500ms&#8221; hover_enabled=&#8221;0&#8243; title_font_size_tablet=&#8221;36px&#8221; title_font_size_phone=&#8221;24px&#8221; title_font_size_last_edited=&#8221;on|phone&#8221; button_one_text_color_hover=&#8221;#ffffff&#8221; button_two_text_color_hover=&#8221;#ffffff&#8221; button_one_border_color_hover=&#8221;#ffffff&#8221; button_two_border_color_hover=&#8221;#ffffff&#8221; button_one_bg_color_hover=&#8221;rgba(255,255,255,0)&#8221; button_two_bg_color_hover=&#8221;rgba(0,0,0,0)&#8221; global_colors_info=&#8221;{}&#8221; button_one_text_size__hover_enabled=&#8221;off&#8221; button_two_text_size__hover_enabled=&#8221;off&#8221; button_one_text_color__hover_enabled=&#8221;on&#8221; button_one_text_color__hover=&#8221;#ffffff&#8221; button_two_text_color__hover_enabled=&#8221;on&#8221; button_two_text_color__hover=&#8221;#ffffff&#8221; button_one_border_width__hover_enabled=&#8221;off&#8221; button_two_border_width__hover_enabled=&#8221;off&#8221; button_one_border_color__hover_enabled=&#8221;on&#8221; button_one_border_color__hover=&#8221;#ffffff&#8221; button_two_border_color__hover_enabled=&#8221;on&#8221; button_two_border_color__hover=&#8221;#ffffff&#8221; button_one_border_radius__hover_enabled=&#8221;off&#8221; button_two_border_radius__hover_enabled=&#8221;off&#8221; button_one_letter_spacing__hover_enabled=&#8221;off&#8221; button_two_letter_spacing__hover_enabled=&#8221;off&#8221; button_one_bg_color__hover_enabled=&#8221;on&#8221; button_one_bg_color__hover=&#8221;rgba(255,255,255,0)&#8221; button_two_bg_color__hover_enabled=&#8221;on&#8221; button_two_bg_color__hover=&#8221;rgba(0,0,0,0)&#8221; sticky_enabled=&#8221;0&#8243;]<\/p>\n<h2>At A3 we ensure optimal waste recovery and management<\/h2>\n<p>[\/et_pb_fullwidth_header][\/et_pb_section][et_pb_section fb_built=&#8221;1&#8243; _builder_version=&#8221;4.27.4&#8243; _module_preset=&#8221;default&#8221; custom_margin=&#8221;0px||||false|false&#8221; custom_padding=&#8221;||0px|||&#8221; global_colors_info=&#8221;{}&#8221;][et_pb_row _builder_version=&#8221;4.20.4&#8243; _module_preset=&#8221;default&#8221; global_colors_info=&#8221;{}&#8221;][et_pb_column type=&#8221;4_4&#8243; _builder_version=&#8221;4.20.4&#8243; _module_preset=&#8221;default&#8221; global_colors_info=&#8221;{}&#8221;][et_pb_text _builder_version=&#8221;4.20.4&#8243; _module_preset=&#8221;default&#8221; text_font=&#8221;||||||||&#8221; text_font_size=&#8221;16px&#8221; global_colors_info=&#8221;{}&#8221;]<\/p>\n<div class=\"group w-full text-gray-800 dark:text-gray-100 border-b border-black\/10 dark:border-gray-900\/50 bg-gray-50 dark:bg-[#444654]\">\n<div class=\"flex p-4 gap-4 text-base md:gap-6 md:max-w-2xl lg:max-w-xl xl:max-w-3xl md:py-6 lg:px-0 m-auto\">\n<div class=\"relative flex w-[calc(100%-50px)] flex-col gap-1 md:gap-3 lg:w-[calc(100%-115px)]\">\n<div class=\"flex flex-grow flex-col gap-3\">\n<div class=\"min-h-[20px] flex flex-col items-start gap-4 whitespace-pre-wrap break-words\">\n<div class=\"markdown prose w-full break-words dark:prose-invert light\">\n<p style=\"text-align: justify;\">At A3 we are dedicated to the purchase and sale of metals, offering a wide range of services to satisfy the needs of our clients. Our objective is to facilitate the management and valuation of diverse metals, including the following aspects:<\/p>\n<ul>\n<li style=\"text-align: justify;\"><strong>Purchase of Old Mobiles<\/strong>: We value and buy old cell phones and electronic devices that contain precious metals. Our team of experts will evaluate your device and offer you a fair and competitive price.<\/li>\n<li style=\"text-align: justify;\"><strong>Purchase and Sale of Steel<\/strong>: We specialize in buying and selling steel in all its forms and presentations. Whether it is stainless steel, structural steel or any other type of steel, we are prepared to manage your purchase or sale efficiently and reliably.<\/li>\n<li style=\"text-align: justify;\"><strong>Scrap Collection and Recycling<\/strong>: We offer metal scrap collection and recycling services. We take care of collecting metal waste safely and responsibly, guaranteeing its correct recovery and thus contributing to the circular economy.<\/li>\n<\/ul>\n<\/div>\n<\/div>\n<\/div>\n<div class=\"flex justify-between lg:block\">\n<div class=\"text-gray-400 flex self-end lg:self-center justify-center mt-2 gap-2 md:gap-3 lg:gap-1 lg:absolute lg:top-0 lg:translate-x-full lg:right-0 lg:mt-0 lg:pl-2 visible\">\n<div class=\"flex gap-1\" style=\"text-align: justify;\"><\/div>\n<\/div>\n<\/div>\n<\/div>\n<\/div>\n<\/div>\n<p>[\/et_pb_text][\/et_pb_column][\/et_pb_row][\/et_pb_section][et_pb_section fb_built=&#8221;1&#8243; admin_label=&#8221;Image 7&#8243; module_class=&#8221;sfly_image sfly_image_7&#8243; _builder_version=&#8221;4.16&#8243; custom_padding=&#8221;0px|||||&#8221; locked=&#8221;off&#8221; global_colors_info=&#8221;{}&#8221;][et_pb_row column_structure=&#8221;1_3,1_3,1_3&#8243; use_custom_gutter=&#8221;on&#8221; gutter_width=&#8221;2&#8243; module_class=&#8221; et_pb_row_fullwidth&#8221; _builder_version=&#8221;4.27.4&#8243; width_tablet=&#8221;80%&#8221; width_phone=&#8221;80%&#8221; width_last_edited=&#8221;on|desktop&#8221; max_width_tablet=&#8221;80%&#8221; max_width_phone=&#8221;80%&#8221; max_width_last_edited=&#8221;on|desktop&#8221; custom_padding=&#8221;||2.5%|&#8221; make_fullwidth=&#8221;on&#8221; global_colors_info=&#8221;{}&#8221;][et_pb_column type=&#8221;1_3&#8243; _builder_version=&#8221;4.27.4&#8243; background_image=&#8221;https:\/\/www.residuos.info\/wp-content\/uploads\/2023\/05\/tubos-acero-puestos-juntos-scaled.jpg&#8221; custom_padding=&#8221;|||&#8221; global_colors_info=&#8221;{}&#8221; custom_padding__hover=&#8221;|||&#8221;][et_pb_text quote_border_weight=&#8221;0px&#8221; quote_border_color=&#8221;rgba(0,0,0,0)&#8221; _builder_version=&#8221;4.27.4&#8243; text_font=&#8221;||||||||&#8221; link_font=&#8221;|100|||on|||#000000|&#8221; link_text_color=&#8221;#000000&#8243; quote_font=&#8221;Raleway|200|on||||||&#8221; quote_text_color=&#8221;#000000&#8243; quote_line_height=&#8221;1.3em&#8221; header_font=&#8221;|700|||||||&#8221; header_2_font=&#8221;|700|||||||&#8221; header_3_font=&#8221;|700|||||||&#8221; header_3_text_color=&#8221;#ffffff&#8221; header_3_font_size=&#8221;24px&#8221; header_4_letter_spacing=&#8221;12px&#8221; header_5_font=&#8221;|300|||||||&#8221; header_5_text_color=&#8221;#bfbfbf&#8221; header_5_letter_spacing=&#8221;12px&#8221; header_6_font=&#8221;|700|||||||&#8221; header_6_letter_spacing=&#8221;4px&#8221; background_color=&#8221;rgba(0,0,0,0.25)&#8221; background_enable_image=&#8221;off&#8221; background_blend=&#8221;overlay&#8221; text_orientation=&#8221;center&#8221; background_layout=&#8221;dark&#8221; module_alignment=&#8221;left&#8221; custom_margin_tablet=&#8221;&#8221; custom_margin_phone=&#8221;&#8221; custom_margin_last_edited=&#8221;on|phone&#8221; custom_padding=&#8221;||||true|false&#8221; custom_padding_tablet=&#8221;100px||100px||true|false&#8221; custom_padding_phone=&#8221;63px||63px||true|false&#8221; custom_padding_last_edited=&#8221;on|phone&#8221; quote_font_size_tablet=&#8221;&#8221; quote_font_size_phone=&#8221;&#8221; quote_font_size_last_edited=&#8221;on|desktop&#8221; header_3_font_size_tablet=&#8221;&#8221; header_3_font_size_phone=&#8221;20px&#8221; header_3_font_size_last_edited=&#8221;on|desktop&#8221; saved_tabs=&#8221;all&#8221; locked=&#8221;off&#8221; global_colors_info=&#8221;{}&#8221; background__hover_enabled=&#8221;on&#8221; background_color__hover=&#8221;rgba(0,0,0,0.75)&#8221;]<\/p>\n<h3>Steel<\/h3>\n<p>[\/et_pb_text][\/et_pb_column][et_pb_column type=&#8221;1_3&#8243; _builder_version=&#8221;4.27.4&#8243; background_image=&#8221;https:\/\/www.residuos.info\/wp-content\/uploads\/2023\/05\/telefono-antiguo-scaled.jpg&#8221; custom_padding=&#8221;|||&#8221; global_colors_info=&#8221;{}&#8221; custom_padding__hover=&#8221;|||&#8221;][et_pb_text quote_border_weight=&#8221;0px&#8221; quote_border_color=&#8221;rgba(0,0,0,0)&#8221; _builder_version=&#8221;4.27.4&#8243; text_font=&#8221;||||||||&#8221; link_font=&#8221;|100|||on|||#000000|&#8221; link_text_color=&#8221;#000000&#8243; quote_font=&#8221;Raleway|200|on||||||&#8221; quote_text_color=&#8221;#000000&#8243; quote_line_height=&#8221;1.3em&#8221; header_font=&#8221;|700|||||||&#8221; header_2_font=&#8221;|700|||||||&#8221; header_3_font=&#8221;|700|||||||&#8221; header_3_text_color=&#8221;#ffffff&#8221; header_3_font_size=&#8221;24px&#8221; header_4_letter_spacing=&#8221;12px&#8221; header_5_font=&#8221;|300|||||||&#8221; header_5_text_color=&#8221;#bfbfbf&#8221; header_5_letter_spacing=&#8221;12px&#8221; header_6_font=&#8221;|700|||||||&#8221; header_6_letter_spacing=&#8221;4px&#8221; background_color=&#8221;rgba(0,0,0,0.25)&#8221; background_enable_image=&#8221;off&#8221; background_blend=&#8221;overlay&#8221; text_orientation=&#8221;center&#8221; background_layout=&#8221;dark&#8221; module_alignment=&#8221;left&#8221; custom_margin_tablet=&#8221;&#8221; custom_margin_phone=&#8221;&#8221; custom_margin_last_edited=&#8221;on|tablet&#8221; quote_font_size_tablet=&#8221;&#8221; quote_font_size_phone=&#8221;&#8221; quote_font_size_last_edited=&#8221;on|desktop&#8221; header_3_font_size_tablet=&#8221;&#8221; header_3_font_size_phone=&#8221;20px&#8221; header_3_font_size_last_edited=&#8221;on|desktop&#8221; saved_tabs=&#8221;all&#8221; locked=&#8221;off&#8221; global_colors_info=&#8221;{}&#8221; background_color__hover=&#8221;rgba(0,0,0,0.75)&#8221; background__hover_enabled=&#8221;on&#8221;]<\/p>\n<h3>Old Mobiles<\/h3>\n<p>[\/et_pb_text][\/et_pb_column][et_pb_column type=&#8221;1_3&#8243; _builder_version=&#8221;4.27.4&#8243; background_image=&#8221;https:\/\/www.residuos.info\/wp-content\/uploads\/2023\/06\/image002.png&#8221; custom_padding=&#8221;|||&#8221; global_colors_info=&#8221;{}&#8221; custom_padding__hover=&#8221;|||&#8221;][et_pb_text quote_border_weight=&#8221;0px&#8221; quote_border_color=&#8221;rgba(0,0,0,0)&#8221; _builder_version=&#8221;4.27.4&#8243; text_font=&#8221;||||||||&#8221; link_font=&#8221;|100|||on|||#000000|&#8221; link_text_color=&#8221;#000000&#8243; quote_font=&#8221;Raleway|200|on||||||&#8221; quote_text_color=&#8221;#000000&#8243; quote_line_height=&#8221;1.3em&#8221; header_font=&#8221;|700|||||||&#8221; header_2_font=&#8221;|700|||||||&#8221; header_3_font=&#8221;|700|||||||&#8221; header_3_text_color=&#8221;#ffffff&#8221; header_3_font_size=&#8221;24px&#8221; header_4_letter_spacing=&#8221;12px&#8221; header_5_font=&#8221;|300|||||||&#8221; header_5_text_color=&#8221;#bfbfbf&#8221; header_5_letter_spacing=&#8221;12px&#8221; header_6_font=&#8221;|700|||||||&#8221; header_6_letter_spacing=&#8221;4px&#8221; background_color=&#8221;rgba(0,0,0,0.25)&#8221; background_enable_image=&#8221;off&#8221; background_blend=&#8221;overlay&#8221; text_orientation=&#8221;center&#8221; background_layout=&#8221;dark&#8221; module_alignment=&#8221;left&#8221; custom_margin_tablet=&#8221;&#8221; custom_margin_phone=&#8221;&#8221; custom_margin_last_edited=&#8221;on|tablet&#8221; quote_font_size_tablet=&#8221;&#8221; quote_font_size_phone=&#8221;&#8221; quote_font_size_last_edited=&#8221;on|desktop&#8221; header_3_font_size_tablet=&#8221;&#8221; header_3_font_size_phone=&#8221;20px&#8221; header_3_font_size_last_edited=&#8221;on|desktop&#8221; saved_tabs=&#8221;all&#8221; locked=&#8221;off&#8221; global_colors_info=&#8221;{}&#8221; background_color__hover=&#8221;rgba(0,0,0,0.75)&#8221; background__hover_enabled=&#8221;on&#8221;]<\/p>\n<h3>Scrap<\/h3>\n<p>[\/et_pb_text][\/et_pb_column][\/et_pb_row][\/et_pb_section][et_pb_section fb_built=&#8221;1&#8243; admin_label=&#8221;Services&#8221; _builder_version=&#8221;4.20.4&#8243; background_color=&#8221;#eaeaf1&#8243; custom_padding=&#8221;73px|||||&#8221; global_colors_info=&#8221;{}&#8221;][et_pb_row _builder_version=&#8221;4.20.4&#8243; _module_preset=&#8221;default&#8221; global_colors_info=&#8221;{}&#8221;][et_pb_column type=&#8221;4_4&#8243; _builder_version=&#8221;4.20.4&#8243; _module_preset=&#8221;default&#8221; global_colors_info=&#8221;{}&#8221;][et_pb_text _builder_version=&#8221;4.20.4&#8243; _module_preset=&#8221;default&#8221; text_font=&#8221;||||||||&#8221; text_font_size=&#8221;16px&#8221; global_colors_info=&#8221;{}&#8221;]<\/p>\n<p style=\"text-align: justify;\">Our team is committed to sustainability and care for the environment. We work closely with our clients to offer personalized and efficient solutions in metal management, promoting the reduction of environmental impact and the reuse of valuable resources.<\/p>\n<p style=\"text-align: justify;\">In addition to the purchase and sale of metals, we also offer advisory and consultancy services in the field of metal waste management, providing guidance in optimizing processes and maximizing the value of materials.<\/p>\n<p>[\/et_pb_text][\/et_pb_column][\/et_pb_row][\/et_pb_section]<\/p>\n","protected":false},"excerpt":{"rendered":"<p>At A3 we ensure optimal waste recovery and management At A3 we are dedicated to the purchase and sale of metals, offering a wide range of services to satisfy the needs of our clients. Our objective is to facilitate the management and valuation of diverse metals, including the following aspects: Purchase of Old Mobiles: We [&hellip;]<\/p>\n","protected":false},"author":7,"featured_media":0,"parent":0,"menu_order":0,"comment_status":"closed","ping_status":"closed","template":"","meta":{"_et_pb_use_builder":"on","_et_pb_old_content":"","_et_gb_content_width":"","inline_featured_image":false,"footnotes":""},"class_list":["post-1048","page","type-page","status-publish","hentry"],"yoast_head":"<!-- This site is optimized with the Yoast SEO plugin v27.3 - https:\/\/yoast.com\/product\/yoast-seo-wordpress\/ -->\n<title>Purchase sale of metals - A.3 RECICLAJE, GESTI\u00d3N DE RESIDUOS Y METALES<\/title>\n<meta name=\"description\" content=\"At A3 we offer you the purchase and sale of metals, complying with our high environmental quality standards.\" \/>\n<meta name=\"robots\" content=\"index, follow, max-snippet:-1, max-image-preview:large, max-video-preview:-1\" \/>\n<link rel=\"canonical\" href=\"https:\/\/www.residuos.info\/en\/purchase-sale-of-metals\/\" \/>\n<meta property=\"og:locale\" content=\"en_US\" \/>\n<meta property=\"og:type\" content=\"article\" \/>\n<meta property=\"og:title\" content=\"Purchase sale of metals - A.3 RECICLAJE, GESTI\u00d3N DE RESIDUOS Y METALES\" \/>\n<meta property=\"og:description\" content=\"At A3 we offer you the purchase and sale of metals, complying with our high environmental quality standards.\" \/>\n<meta property=\"og:url\" content=\"https:\/\/www.residuos.info\/en\/purchase-sale-of-metals\/\" \/>\n<meta property=\"og:site_name\" content=\"A.3 RECICLAJE, GESTI\u00d3N DE RESIDUOS Y METALES\" \/>\n<meta property=\"article:modified_time\" content=\"2025-06-03T09:37:16+00:00\" \/>\n<meta name=\"twitter:card\" content=\"summary_large_image\" \/>\n<meta name=\"twitter:label1\" content=\"Est. reading time\" \/>\n\t<meta name=\"twitter:data1\" content=\"4 minutes\" \/>\n<script type=\"application\/ld+json\" class=\"yoast-schema-graph\">{\"@context\":\"https:\\\/\\\/schema.org\",\"@graph\":[{\"@type\":\"WebPage\",\"@id\":\"https:\\\/\\\/www.residuos.info\\\/en\\\/purchase-sale-of-metals\\\/\",\"url\":\"https:\\\/\\\/www.residuos.info\\\/en\\\/purchase-sale-of-metals\\\/\",\"name\":\"Purchase sale of metals - A.3 RECICLAJE, GESTI\u00d3N DE RESIDUOS Y METALES\",\"isPartOf\":{\"@id\":\"https:\\\/\\\/www.residuos.info\\\/en\\\/#website\"},\"datePublished\":\"2023-05-02T12:50:59+00:00\",\"dateModified\":\"2025-06-03T09:37:16+00:00\",\"description\":\"At A3 we offer you the purchase and sale of metals, complying with our high environmental quality standards.\",\"breadcrumb\":{\"@id\":\"https:\\\/\\\/www.residuos.info\\\/en\\\/purchase-sale-of-metals\\\/#breadcrumb\"},\"inLanguage\":\"en-US\",\"potentialAction\":[{\"@type\":\"ReadAction\",\"target\":[\"https:\\\/\\\/www.residuos.info\\\/en\\\/purchase-sale-of-metals\\\/\"]}]},{\"@type\":\"BreadcrumbList\",\"@id\":\"https:\\\/\\\/www.residuos.info\\\/en\\\/purchase-sale-of-metals\\\/#breadcrumb\",\"itemListElement\":[{\"@type\":\"ListItem\",\"position\":1,\"name\":\"Portada\",\"item\":\"https:\\\/\\\/www.residuos.info\\\/en\\\/home\\\/\"},{\"@type\":\"ListItem\",\"position\":2,\"name\":\"Purchase sale of metals\"}]},{\"@type\":\"WebSite\",\"@id\":\"https:\\\/\\\/www.residuos.info\\\/en\\\/#website\",\"url\":\"https:\\\/\\\/www.residuos.info\\\/en\\\/\",\"name\":\"A.3 RECICLAJE, GESTI\u00d3N DE RESIDUOS Y METALES\",\"description\":\"Expertos en reciclaje, valorizaci\u00f3n y gesti\u00f3n de residuos y compra de metales. Soluciones para el ASESORAMIENTO, TRANSPORTE y GESTI\u00d3N de residuos.\",\"potentialAction\":[{\"@type\":\"SearchAction\",\"target\":{\"@type\":\"EntryPoint\",\"urlTemplate\":\"https:\\\/\\\/www.residuos.info\\\/en\\\/?s={search_term_string}\"},\"query-input\":{\"@type\":\"PropertyValueSpecification\",\"valueRequired\":true,\"valueName\":\"search_term_string\"}}],\"inLanguage\":\"en-US\"}]}<\/script>\n<!-- \/ Yoast SEO plugin. -->","yoast_head_json":{"title":"Purchase sale of metals - A.3 RECICLAJE, GESTI\u00d3N DE RESIDUOS Y METALES","description":"At A3 we offer you the purchase and sale of metals, complying with our high environmental quality standards.","robots":{"index":"index","follow":"follow","max-snippet":"max-snippet:-1","max-image-preview":"max-image-preview:large","max-video-preview":"max-video-preview:-1"},"canonical":"https:\/\/www.residuos.info\/en\/purchase-sale-of-metals\/","og_locale":"en_US","og_type":"article","og_title":"Purchase sale of metals - A.3 RECICLAJE, GESTI\u00d3N DE RESIDUOS Y METALES","og_description":"At A3 we offer you the purchase and sale of metals, complying with our high environmental quality standards.","og_url":"https:\/\/www.residuos.info\/en\/purchase-sale-of-metals\/","og_site_name":"A.3 RECICLAJE, GESTI\u00d3N DE RESIDUOS Y METALES","article_modified_time":"2025-06-03T09:37:16+00:00","twitter_card":"summary_large_image","twitter_misc":{"Est. reading time":"4 minutes"},"schema":{"@context":"https:\/\/schema.org","@graph":[{"@type":"WebPage","@id":"https:\/\/www.residuos.info\/en\/purchase-sale-of-metals\/","url":"https:\/\/www.residuos.info\/en\/purchase-sale-of-metals\/","name":"Purchase sale of metals - A.3 RECICLAJE, GESTI\u00d3N DE RESIDUOS Y METALES","isPartOf":{"@id":"https:\/\/www.residuos.info\/en\/#website"},"datePublished":"2023-05-02T12:50:59+00:00","dateModified":"2025-06-03T09:37:16+00:00","description":"At A3 we offer you the purchase and sale of metals, complying with our high environmental quality standards.","breadcrumb":{"@id":"https:\/\/www.residuos.info\/en\/purchase-sale-of-metals\/#breadcrumb"},"inLanguage":"en-US","potentialAction":[{"@type":"ReadAction","target":["https:\/\/www.residuos.info\/en\/purchase-sale-of-metals\/"]}]},{"@type":"BreadcrumbList","@id":"https:\/\/www.residuos.info\/en\/purchase-sale-of-metals\/#breadcrumb","itemListElement":[{"@type":"ListItem","position":1,"name":"Portada","item":"https:\/\/www.residuos.info\/en\/home\/"},{"@type":"ListItem","position":2,"name":"Purchase sale of metals"}]},{"@type":"WebSite","@id":"https:\/\/www.residuos.info\/en\/#website","url":"https:\/\/www.residuos.info\/en\/","name":"A.3 RECICLAJE, GESTI\u00d3N DE RESIDUOS Y METALES","description":"Expertos en reciclaje, valorizaci\u00f3n y gesti\u00f3n de residuos y compra de metales. Soluciones para el ASESORAMIENTO, TRANSPORTE y GESTI\u00d3N de residuos.","potentialAction":[{"@type":"SearchAction","target":{"@type":"EntryPoint","urlTemplate":"https:\/\/www.residuos.info\/en\/?s={search_term_string}"},"query-input":{"@type":"PropertyValueSpecification","valueRequired":true,"valueName":"search_term_string"}}],"inLanguage":"en-US"}]}},"_links":{"self":[{"href":"https:\/\/www.residuos.info\/en\/wp-json\/wp\/v2\/pages\/1048","targetHints":{"allow":["GET"]}}],"collection":[{"href":"https:\/\/www.residuos.info\/en\/wp-json\/wp\/v2\/pages"}],"about":[{"href":"https:\/\/www.residuos.info\/en\/wp-json\/wp\/v2\/types\/page"}],"author":[{"embeddable":true,"href":"https:\/\/www.residuos.info\/en\/wp-json\/wp\/v2\/users\/7"}],"replies":[{"embeddable":true,"href":"https:\/\/www.residuos.info\/en\/wp-json\/wp\/v2\/comments?post=1048"}],"version-history":[{"count":13,"href":"https:\/\/www.residuos.info\/en\/wp-json\/wp\/v2\/pages\/1048\/revisions"}],"predecessor-version":[{"id":100890,"href":"https:\/\/www.residuos.info\/en\/wp-json\/wp\/v2\/pages\/1048\/revisions\/100890"}],"wp:attachment":[{"href":"https:\/\/www.residuos.info\/en\/wp-json\/wp\/v2\/media?parent=1048"}],"curies":[{"name":"wp","href":"https:\/\/api.w.org\/{rel}","templated":true}]}}