{"id":100941,"date":"2025-05-29T12:53:17","date_gmt":"2025-05-29T10:53:17","guid":{"rendered":"https:\/\/www.residuos.info\/environmental-policy\/"},"modified":"2025-06-06T08:00:25","modified_gmt":"2025-06-06T06:00:25","slug":"environmental-policy","status":"publish","type":"page","link":"https:\/\/www.residuos.info\/en\/environmental-policy\/","title":{"rendered":"Environmental policy"},"content":{"rendered":"<p>[et_pb_section fb_built=&#8221;1&#8243; theme_builder_area=&#8221;post_content&#8221; _builder_version=&#8221;4.27.4&#8243; _module_preset=&#8221;default&#8221;][et_pb_row _builder_version=&#8221;4.27.4&#8243; _module_preset=&#8221;default&#8221; theme_builder_area=&#8221;post_content&#8221;][et_pb_column _builder_version=&#8221;4.27.4&#8243; _module_preset=&#8221;default&#8221; type=&#8221;4_4&#8243; theme_builder_area=&#8221;post_content&#8221;][et_pb_heading title=&#8221;Environmental Policy&#8221; _builder_version=&#8221;4.27.4&#8243; _module_preset=&#8221;default&#8221; theme_builder_area=&#8221;post_content&#8221; hover_enabled=&#8221;0&#8243; sticky_enabled=&#8221;0&#8243;][\/et_pb_heading][\/et_pb_column][\/et_pb_row][et_pb_row _builder_version=&#8221;4.27.4&#8243; _module_preset=&#8221;default&#8221; theme_builder_area=&#8221;post_content&#8221;][et_pb_column _builder_version=&#8221;4.27.4&#8243; _module_preset=&#8221;default&#8221; type=&#8221;4_4&#8243; theme_builder_area=&#8221;post_content&#8221; hover_enabled=&#8221;0&#8243; sticky_enabled=&#8221;0&#8243;][et_pb_text _builder_version=&#8221;4.27.4&#8243; _module_preset=&#8221;default&#8221; theme_builder_area=&#8221;post_content&#8221; hover_enabled=&#8221;0&#8243; sticky_enabled=&#8221;0&#8243;]<\/p>\n<p style=\"text-align: justify;\"><strong>A3 Aprofitament Assessorament Ambiental S.L. <\/strong>is a company dedicated to the storage and recovery of hazardous and non-hazardous waste. The Environmental Management System implemented, based on the requirements of the UNE-EN ISO 14001:2015 standard, is applied to all activities carried out at the plant located in the municipality of Granollers.<\/p>\n<p style=\"text-align: justify;\">\n<p style=\"text-align: justify;\"><strong>A3&#8217;s<\/strong> <strong>Environmental Policy<\/strong> serves as a foundation for the organization&#8217;s consolidation and future sustainability and its commitment to continuous improvement, establishing measures for environmental protection.<\/p>\n<p style=\"text-align: justify;\">It is based on the following commitments:<\/p>\n<p style=\"text-align: justify;\">\n<ul>\n<li style=\"text-align: justify;\">Comply with the applicable legal regulations and with the rest of the regulatory requirements to which we may commit ourselves and which are applicable to us due to our activity.<\/li>\n<li style=\"text-align: justify;\">Assume environmental protection and pollution prevention as a fundamental commitment of the organization, ensuring its implementation through concrete objectives and goals.<\/li>\n<li style=\"text-align: justify;\">Work to minimize the environmental impact of our activity, reducing the generation of our own waste, avoiding as much as possible the use of hazardous substances and promoting the efficient use of natural resources.<\/li>\n<li style=\"text-align: justify;\">To carry out an annual periodic evaluation of the environmental aspects derived from our activity, for the purpose of maintenance and continuous improvement of the environmental management system.<\/li>\n<li style=\"text-align: justify;\">Ensure the correct dissemination and understanding of this environmental policy throughout the organization, by means of communication and continuous training of our personnel.<\/li>\n<\/ul>\n<p>&nbsp;<\/p>\n<p>&nbsp;<\/p>\n<p style=\"text-align: right;\">Management<\/p>\n<p>[\/et_pb_text][\/et_pb_column][\/et_pb_row][\/et_pb_section]<\/p>\n","protected":false},"excerpt":{"rendered":"<p>A3 Aprofitament Assessorament Ambiental S.L. is a company dedicated to the storage and recovery of hazardous and non-hazardous waste. The Environmental Management System implemented, based on the requirements of the UNE-EN ISO 14001:2015 standard, is applied to all activities carried out at the plant located in the municipality of Granollers. A3&#8217;s Environmental Policy serves as [&hellip;]<\/p>\n","protected":false},"author":7,"featured_media":0,"parent":0,"menu_order":0,"comment_status":"closed","ping_status":"closed","template":"","meta":{"_et_pb_use_builder":"on","_et_pb_old_content":"","_et_gb_content_width":"","inline_featured_image":false,"footnotes":""},"class_list":["post-100941","page","type-page","status-publish","hentry"],"yoast_head":"<!-- This site is optimized with the Yoast SEO plugin v27.3 - https:\/\/yoast.com\/product\/yoast-seo-wordpress\/ -->\n<title>Environmental policy - A.3 RECICLAJE, GESTI\u00d3N DE RESIDUOS Y METALES<\/title>\n<meta name=\"robots\" content=\"index, follow, max-snippet:-1, max-image-preview:large, max-video-preview:-1\" \/>\n<link rel=\"canonical\" href=\"https:\/\/www.residuos.info\/en\/environmental-policy\/\" \/>\n<meta property=\"og:locale\" content=\"en_US\" \/>\n<meta property=\"og:type\" content=\"article\" \/>\n<meta property=\"og:title\" content=\"Environmental policy - A.3 RECICLAJE, GESTI\u00d3N DE RESIDUOS Y METALES\" \/>\n<meta property=\"og:description\" content=\"A3 Aprofitament Assessorament Ambiental S.L. is a company dedicated to the storage and recovery of hazardous and non-hazardous waste. The Environmental Management System implemented, based on the requirements of the UNE-EN ISO 14001:2015 standard, is applied to all activities carried out at the plant located in the municipality of Granollers. A3&#039;s Environmental Policy serves as [&hellip;]\" \/>\n<meta property=\"og:url\" content=\"https:\/\/www.residuos.info\/en\/environmental-policy\/\" \/>\n<meta property=\"og:site_name\" content=\"A.3 RECICLAJE, GESTI\u00d3N DE RESIDUOS Y METALES\" \/>\n<meta property=\"article:modified_time\" content=\"2025-06-06T06:00:25+00:00\" \/>\n<meta name=\"twitter:card\" content=\"summary_large_image\" \/>\n<meta name=\"twitter:label1\" content=\"Est. reading time\" \/>\n\t<meta name=\"twitter:data1\" content=\"2 minutes\" \/>\n<script type=\"application\/ld+json\" class=\"yoast-schema-graph\">{\"@context\":\"https:\\\/\\\/schema.org\",\"@graph\":[{\"@type\":\"WebPage\",\"@id\":\"https:\\\/\\\/www.residuos.info\\\/en\\\/environmental-policy\\\/\",\"url\":\"https:\\\/\\\/www.residuos.info\\\/en\\\/environmental-policy\\\/\",\"name\":\"Environmental policy - A.3 RECICLAJE, GESTI\u00d3N DE RESIDUOS Y METALES\",\"isPartOf\":{\"@id\":\"https:\\\/\\\/www.residuos.info\\\/en\\\/#website\"},\"datePublished\":\"2025-05-29T10:53:17+00:00\",\"dateModified\":\"2025-06-06T06:00:25+00:00\",\"breadcrumb\":{\"@id\":\"https:\\\/\\\/www.residuos.info\\\/en\\\/environmental-policy\\\/#breadcrumb\"},\"inLanguage\":\"en-US\",\"potentialAction\":[{\"@type\":\"ReadAction\",\"target\":[\"https:\\\/\\\/www.residuos.info\\\/en\\\/environmental-policy\\\/\"]}]},{\"@type\":\"BreadcrumbList\",\"@id\":\"https:\\\/\\\/www.residuos.info\\\/en\\\/environmental-policy\\\/#breadcrumb\",\"itemListElement\":[{\"@type\":\"ListItem\",\"position\":1,\"name\":\"Portada\",\"item\":\"https:\\\/\\\/www.residuos.info\\\/en\\\/home\\\/\"},{\"@type\":\"ListItem\",\"position\":2,\"name\":\"Environmental policy\"}]},{\"@type\":\"WebSite\",\"@id\":\"https:\\\/\\\/www.residuos.info\\\/en\\\/#website\",\"url\":\"https:\\\/\\\/www.residuos.info\\\/en\\\/\",\"name\":\"A.3 RECICLAJE, GESTI\u00d3N DE RESIDUOS Y METALES\",\"description\":\"Expertos en reciclaje, valorizaci\u00f3n y gesti\u00f3n de residuos y compra de metales. Soluciones para el ASESORAMIENTO, TRANSPORTE y GESTI\u00d3N de residuos.\",\"potentialAction\":[{\"@type\":\"SearchAction\",\"target\":{\"@type\":\"EntryPoint\",\"urlTemplate\":\"https:\\\/\\\/www.residuos.info\\\/en\\\/?s={search_term_string}\"},\"query-input\":{\"@type\":\"PropertyValueSpecification\",\"valueRequired\":true,\"valueName\":\"search_term_string\"}}],\"inLanguage\":\"en-US\"}]}<\/script>\n<!-- \/ Yoast SEO plugin. -->","yoast_head_json":{"title":"Environmental policy - A.3 RECICLAJE, GESTI\u00d3N DE RESIDUOS Y METALES","robots":{"index":"index","follow":"follow","max-snippet":"max-snippet:-1","max-image-preview":"max-image-preview:large","max-video-preview":"max-video-preview:-1"},"canonical":"https:\/\/www.residuos.info\/en\/environmental-policy\/","og_locale":"en_US","og_type":"article","og_title":"Environmental policy - A.3 RECICLAJE, GESTI\u00d3N DE RESIDUOS Y METALES","og_description":"A3 Aprofitament Assessorament Ambiental S.L. is a company dedicated to the storage and recovery of hazardous and non-hazardous waste. The Environmental Management System implemented, based on the requirements of the UNE-EN ISO 14001:2015 standard, is applied to all activities carried out at the plant located in the municipality of Granollers. A3's Environmental Policy serves as [&hellip;]","og_url":"https:\/\/www.residuos.info\/en\/environmental-policy\/","og_site_name":"A.3 RECICLAJE, GESTI\u00d3N DE RESIDUOS Y METALES","article_modified_time":"2025-06-06T06:00:25+00:00","twitter_card":"summary_large_image","twitter_misc":{"Est. reading time":"2 minutes"},"schema":{"@context":"https:\/\/schema.org","@graph":[{"@type":"WebPage","@id":"https:\/\/www.residuos.info\/en\/environmental-policy\/","url":"https:\/\/www.residuos.info\/en\/environmental-policy\/","name":"Environmental policy - A.3 RECICLAJE, GESTI\u00d3N DE RESIDUOS Y METALES","isPartOf":{"@id":"https:\/\/www.residuos.info\/en\/#website"},"datePublished":"2025-05-29T10:53:17+00:00","dateModified":"2025-06-06T06:00:25+00:00","breadcrumb":{"@id":"https:\/\/www.residuos.info\/en\/environmental-policy\/#breadcrumb"},"inLanguage":"en-US","potentialAction":[{"@type":"ReadAction","target":["https:\/\/www.residuos.info\/en\/environmental-policy\/"]}]},{"@type":"BreadcrumbList","@id":"https:\/\/www.residuos.info\/en\/environmental-policy\/#breadcrumb","itemListElement":[{"@type":"ListItem","position":1,"name":"Portada","item":"https:\/\/www.residuos.info\/en\/home\/"},{"@type":"ListItem","position":2,"name":"Environmental policy"}]},{"@type":"WebSite","@id":"https:\/\/www.residuos.info\/en\/#website","url":"https:\/\/www.residuos.info\/en\/","name":"A.3 RECICLAJE, GESTI\u00d3N DE RESIDUOS Y METALES","description":"Expertos en reciclaje, valorizaci\u00f3n y gesti\u00f3n de residuos y compra de metales. Soluciones para el ASESORAMIENTO, TRANSPORTE y GESTI\u00d3N de residuos.","potentialAction":[{"@type":"SearchAction","target":{"@type":"EntryPoint","urlTemplate":"https:\/\/www.residuos.info\/en\/?s={search_term_string}"},"query-input":{"@type":"PropertyValueSpecification","valueRequired":true,"valueName":"search_term_string"}}],"inLanguage":"en-US"}]}},"_links":{"self":[{"href":"https:\/\/www.residuos.info\/en\/wp-json\/wp\/v2\/pages\/100941","targetHints":{"allow":["GET"]}}],"collection":[{"href":"https:\/\/www.residuos.info\/en\/wp-json\/wp\/v2\/pages"}],"about":[{"href":"https:\/\/www.residuos.info\/en\/wp-json\/wp\/v2\/types\/page"}],"author":[{"embeddable":true,"href":"https:\/\/www.residuos.info\/en\/wp-json\/wp\/v2\/users\/7"}],"replies":[{"embeddable":true,"href":"https:\/\/www.residuos.info\/en\/wp-json\/wp\/v2\/comments?post=100941"}],"version-history":[{"count":2,"href":"https:\/\/www.residuos.info\/en\/wp-json\/wp\/v2\/pages\/100941\/revisions"}],"predecessor-version":[{"id":100943,"href":"https:\/\/www.residuos.info\/en\/wp-json\/wp\/v2\/pages\/100941\/revisions\/100943"}],"wp:attachment":[{"href":"https:\/\/www.residuos.info\/en\/wp-json\/wp\/v2\/media?parent=100941"}],"curies":[{"name":"wp","href":"https:\/\/api.w.org\/{rel}","templated":true}]}}